{"id":13474,"date":"2026-01-29T12:08:28","date_gmt":"2026-01-29T10:08:28","guid":{"rendered":"https:\/\/lgdomisi.com\/?page_id=13474"},"modified":"2026-02-02T11:46:55","modified_gmt":"2026-02-02T09:46:55","slug":"unternehmen","status":"publish","type":"page","link":"https:\/\/lgdomisi.com\/de\/unternehmen\/","title":{"rendered":"Unternehmen"},"content":{"rendered":"<div data-elementor-type=\"wp-page\" data-elementor-id=\"13474\" class=\"elementor elementor-13474\" data-elementor-post-type=\"page\">\n\t\t\t\t<div class=\"elementor-element elementor-element-ce7a1e8 e-flex e-con-boxed e-con e-parent\" data-id=\"ce7a1e8\" data-element_type=\"container\" data-e-type=\"container\">\n\t\t\t\t\t<div class=\"e-con-inner\">\n\t\t<div class=\"elementor-element elementor-element-8ef5bdc e-con-full e-flex e-con e-child\" data-id=\"8ef5bdc\" data-element_type=\"container\" data-e-type=\"container\">\n\t\t<div class=\"elementor-element elementor-element-2dd534b e-con-full e-flex e-con e-child\" data-id=\"2dd534b\" data-element_type=\"container\" data-e-type=\"container\" data-settings=\"{&quot;background_background&quot;:&quot;classic&quot;}\">\n\t\t\t\t<div class=\"elementor-element elementor-element-6e68f30 elementor-widget elementor-widget-image\" data-id=\"6e68f30\" data-element_type=\"widget\" data-e-type=\"widget\" data-widget_type=\"image.default\">\n\t\t\t\t\t\t\t\t\t\t\t\t\t\t\t<img fetchpriority=\"high\" decoding=\"async\" width=\"640\" height=\"529\" src=\"https:\/\/lgdomisi.com\/wp-content\/uploads\/2026\/01\/lg_city-01-e1769433675713-1024x847.png\" class=\"attachment-large size-large wp-image-13192\" alt=\"\" srcset=\"https:\/\/lgdomisi.com\/wp-content\/uploads\/2026\/01\/lg_city-01-e1769433675713-1024x847.png 1024w, https:\/\/lgdomisi.com\/wp-content\/uploads\/2026\/01\/lg_city-01-e1769433675713-300x248.png 300w, https:\/\/lgdomisi.com\/wp-content\/uploads\/2026\/01\/lg_city-01-e1769433675713-768x635.png 768w, https:\/\/lgdomisi.com\/wp-content\/uploads\/2026\/01\/lg_city-01-e1769433675713.png 1238w\" sizes=\"(max-width: 640px) 100vw, 640px\" \/>\t\t\t\t\t\t\t\t\t\t\t\t\t\t\t<\/div>\n\t\t\t\t<\/div>\n\t\t\t\t<\/div>\n\t\t\t\t<div class=\"elementor-element elementor-element-9cb63bb elementor-widget elementor-widget-heading\" data-id=\"9cb63bb\" data-element_type=\"widget\" data-e-type=\"widget\" data-widget_type=\"heading.default\">\n\t\t\t\t\t<h1 class=\"elementor-heading-title elementor-size-default\">DAS UNTERNEHMEN<\/h1>\t\t\t\t<\/div>\n\t\t\t\t<div class=\"elementor-element elementor-element-7929074 elementor-widget elementor-widget-text-editor\" data-id=\"7929074\" data-element_type=\"widget\" data-e-type=\"widget\" data-widget_type=\"text-editor.default\">\n\t\t\t\t\t\t\t\t\t<p><span style=\"font-weight: 400;\">LG Domisis wurde mit einer klaren und langfristigen Vision gegr\u00fcndet: durch disziplinierte Ausf\u00fchrung, technische Exzellenz und dauerhafte Werte ein Ma\u00dfstab in den Bereichen Bau und Immobilienentwicklung zu werden.<\/span><\/p><p><span style=\"font-weight: 400;\">Von Anfang an hat sich das Unternehmen darauf konzentriert, Projekte zu realisieren, die ein Gleichgewicht zwischen Funktionalit\u00e4t, architektonischer Integrit\u00e4t und betrieblicher Leistung herstellen. Unser Ansatz basiert auf Erfahrung, wird durch fortschrittliche Projektmanagementsysteme unterst\u00fctzt und von einem multidisziplin\u00e4ren Team aus Ingenieuren, Architekten und technischen Spezialisten vorangetrieben.<\/span><\/p><p><span style=\"font-weight: 400;\">Wir sind in einem breiten Spektrum von Projekten t\u00e4tig, darunter luxuri\u00f6se Wohnanlagen, Hotel- und Tourismuseinrichtungen, Gesch\u00e4fts- und B\u00fcrogeb\u00e4ude sowie komplexe Infrastruktur- und Energieprojekte. Jeder Auftrag wird mit dem gleichen Engagement angegangen, unabh\u00e4ngig von Gr\u00f6\u00dfe und Typologie.<\/span><\/p><p><span style=\"font-weight: 400;\">Unsere Philosophie wird nicht durch Trends oder kurzfristige Ergebnisse bestimmt, sondern durch Best\u00e4ndigkeit, Verantwortlichkeit und langfristiges Denken. Jedes Projekt wird als langfristiger Verm\u00f6genswert behandelt, der so konzipiert und gebaut wird, dass er \u00fcber lange Zeit zuverl\u00e4ssig funktioniert.<\/span><\/p><p><span style=\"font-weight: 400;\">Im Mittelpunkt von LG Domisis stehen drei grundlegende Werte, die jede Entscheidung, jeden Prozess und jede Zusammenarbeit leiten.<\/span><\/p>\t\t\t\t\t\t\t\t<\/div>\n\t\t\t\t\t<\/div>\n\t\t\t\t<\/div>\n\t\t<div class=\"elementor-element elementor-element-0c9cbda e-grid e-con-boxed e-con e-parent\" data-id=\"0c9cbda\" data-element_type=\"container\" data-e-type=\"container\">\n\t\t\t\t\t<div class=\"e-con-inner\">\n\t\t\t\t<div class=\"elementor-element elementor-element-f5fb8b3 elementor-view-stacked elementor-shape-circle elementor-position-block-start elementor-mobile-position-block-start elementor-widget elementor-widget-icon-box\" data-id=\"f5fb8b3\" data-element_type=\"widget\" data-e-type=\"widget\" data-widget_type=\"icon-box.default\">\n\t\t\t\t\t\t\t<div class=\"elementor-icon-box-wrapper\">\n\n\t\t\t\t\t\t<div class=\"elementor-icon-box-icon\">\n\t\t\t\t<span  class=\"elementor-icon\">\n\t\t\t\t<i aria-hidden=\"true\" class=\"icon icon-safety\"><\/i>\t\t\t\t<\/span>\n\t\t\t<\/div>\n\t\t\t\n\t\t\t\t\t\t<div class=\"elementor-icon-box-content\">\n\n\t\t\t\t\t\t\t\t\t<h3 class=\"elementor-icon-box-title\">\n\t\t\t\t\t\t<span  >\n\t\t\t\t\t\t\tVerl\u00e4sslichkeit\t\t\t\t\t\t<\/span>\n\t\t\t\t\t<\/h3>\n\t\t\t\t\n\t\t\t\t\t\t\t\t\t<p class=\"elementor-icon-box-description\">\n\t\t\t\t\t\tVerl\u00e4sslichkeit ist die Grundlage unserer Beziehungen zu Kunden, Partnern und Interessengruppen. Wir sind davon \u00fcberzeugt, dass Vertrauen durch konsistente Leistungen und klare Verantwortlichkeiten entsteht.\nWir verpflichten uns zu realistischer Planung, disziplinierter Ausf\u00fchrung und transparenter Kommunikation in jeder Phase eines Projekts. Unsere Teams legen gro\u00dfen Wert auf die Einhaltung der vereinbarten Termine und Budgets und stellen sicher, dass die Verpflichtungen ohne Abstriche bei Qualit\u00e4t und Sicherheit eingehalten werden.\nZuverl\u00e4ssigkeit bedeutet f\u00fcr uns Vorhersehbarkeit, Kontrolle und Verantwortung, damit wir das Versprochene zum vereinbarten Zeitpunkt liefern k\u00f6nnen.\n\t\t\t\t\t<\/p>\n\t\t\t\t\n\t\t\t<\/div>\n\t\t\t\n\t\t<\/div>\n\t\t\t\t\t\t<\/div>\n\t\t\t\t<div class=\"elementor-element elementor-element-a98b888 elementor-view-stacked elementor-shape-circle elementor-position-block-start elementor-mobile-position-block-start elementor-widget elementor-widget-icon-box\" data-id=\"a98b888\" data-element_type=\"widget\" data-e-type=\"widget\" data-widget_type=\"icon-box.default\">\n\t\t\t\t\t\t\t<div class=\"elementor-icon-box-wrapper\">\n\n\t\t\t\t\t\t<div class=\"elementor-icon-box-icon\">\n\t\t\t\t<span  class=\"elementor-icon\">\n\t\t\t\t<i aria-hidden=\"true\" class=\"icon icon-badge\"><\/i>\t\t\t\t<\/span>\n\t\t\t<\/div>\n\t\t\t\n\t\t\t\t\t\t<div class=\"elementor-icon-box-content\">\n\n\t\t\t\t\t\t\t\t\t<h3 class=\"elementor-icon-box-title\">\n\t\t\t\t\t\t<span  >\n\t\t\t\t\t\t\tQualit\u00e4t\t\t\t\t\t\t<\/span>\n\t\t\t\t\t<\/h3>\n\t\t\t\t\n\t\t\t\t\t\t\t\t\t<p class=\"elementor-icon-box-description\">\n\t\t\t\t\t\tQualit\u00e4t ist in jeden Aspekt unserer Arbeit eingebettet, von der ersten Entwurfskoordination bis zur endg\u00fcltigen Lieferung. Wir legen gro\u00dfen Wert auf die Auswahl von Materialien, zertifizierte Bauprozesse und strenge Qualit\u00e4tskontrollverfahren.\nUnsere Teams arbeiten eng mit Beratern und Lieferanten zusammen, um sicherzustellen, dass alle Systeme, Oberfl\u00e4chen und technischen Komponenten hohen Leistungs- und Haltbarkeitsstandards entsprechen. Liebe zum Detail, Pr\u00e4zision in der Ausf\u00fchrung und die Einhaltung von Vorschriften sind nicht verhandelbare Elemente unserer Methodik.\nQualit\u00e4t ist f\u00fcr LG Domisis nicht nur eine \u00e4sthetische Entscheidung, sondern eine technische und betriebliche Anforderung, die Langlebigkeit und Leistung gew\u00e4hrleistet.\t\t\t\t\t<\/p>\n\t\t\t\t\n\t\t\t<\/div>\n\t\t\t\n\t\t<\/div>\n\t\t\t\t\t\t<\/div>\n\t\t\t\t<div class=\"elementor-element elementor-element-3733577 elementor-view-stacked elementor-shape-circle elementor-position-block-start elementor-mobile-position-block-start elementor-widget elementor-widget-icon-box\" data-id=\"3733577\" data-element_type=\"widget\" data-e-type=\"widget\" data-widget_type=\"icon-box.default\">\n\t\t\t\t\t\t\t<div class=\"elementor-icon-box-wrapper\">\n\n\t\t\t\t\t\t<div class=\"elementor-icon-box-icon\">\n\t\t\t\t<span  class=\"elementor-icon\">\n\t\t\t\t<i aria-hidden=\"true\" class=\"ico ico-hourglass2\"><\/i>\t\t\t\t<\/span>\n\t\t\t<\/div>\n\t\t\t\n\t\t\t\t\t\t<div class=\"elementor-icon-box-content\">\n\n\t\t\t\t\t\t\t\t\t<h3 class=\"elementor-icon-box-title\">\n\t\t\t\t\t\t<span  >\n\t\t\t\t\t\t\tZeitlosigkeit\t\t\t\t\t\t<\/span>\n\t\t\t\t\t<\/h3>\n\t\t\t\t\n\t\t\t\t\t\t\t\t\t<p class=\"elementor-icon-box-description\">\n\t\t\t\t\t\tWir glauben, dass wirklich erfolgreiche Geb\u00e4ude diejenigen sind, die strukturell, funktionell und architektonisch Bestand haben.\nZeitlosigkeit ist die Richtschnur f\u00fcr unseren Entwurfs- und Konstruktionsansatz. Wir f\u00f6rdern L\u00f6sungen, die \u00fcber kurzlebige Trends hinausgehen und sich auf langfristige Werte konzentrieren. Unser Ziel ist es, Geb\u00e4ude zu schaffen, die w\u00e4hrend ihres gesamten Lebenszyklus relevant, anpassungsf\u00e4hig und effizient bleiben.\nDurch die Kombination robuster Konstruktionsmethoden, durchdachter Designkoordination und nachhaltiger Praktiken schaffen wir Projekte, die ihren Wert behalten und ihren Nutzern \u00fcber Jahrzehnte hinweg dienen.\n\t\t\t\t\t<\/p>\n\t\t\t\t\n\t\t\t<\/div>\n\t\t\t\n\t\t<\/div>\n\t\t\t\t\t\t<\/div>\n\t\t\t\t\t<\/div>\n\t\t\t\t<\/div>\n\t\t<div class=\"elementor-element elementor-element-412e134 e-flex e-con-boxed e-con e-parent\" data-id=\"412e134\" data-element_type=\"container\" data-e-type=\"container\">\n\t\t\t\t\t<div class=\"e-con-inner\">\n\t\t\t\t<div class=\"elementor-element elementor-element-139583b elementor-widget elementor-widget-button\" data-id=\"139583b\" data-element_type=\"widget\" data-e-type=\"widget\" data-widget_type=\"button.default\">\n\t\t\t\t\t\t\t\t\t\t<a class=\"elementor-button elementor-button-link elementor-size-sm\" href=\"#\">\n\t\t\t\t\t\t<span class=\"elementor-button-content-wrapper\">\n\t\t\t\t\t\t\t\t\t<span class=\"elementor-button-text\">KONTAKT US<\/span>\n\t\t\t\t\t<\/span>\n\t\t\t\t\t<\/a>\n\t\t\t\t\t\t\t\t<\/div>\n\t\t\t\t\t<\/div>\n\t\t\t\t<\/div>\n\t\t\t\t<\/div>","protected":false},"excerpt":{"rendered":"<p>THE COMPANY LG Domisis was founded with a clear and long-term vision: to become a benchmark in the fields of construction and real estate development through disciplined execution, technical excellence, and lasting value. From the outset, the company has focused on delivering projects that balance functionality, architectural integrity, and operational performance. Our approach is grounded [&hellip;]<\/p>","protected":false},"author":2,"featured_media":0,"parent":0,"menu_order":0,"comment_status":"closed","ping_status":"closed","template":"elementor_header_footer","meta":{"_acf_changed":false,"footnotes":""},"class_list":["post-13474","page","type-page","status-publish","hentry"],"acf":[],"yoast_head":"<!-- This site is optimized with the Yoast SEO plugin v27.5 - https:\/\/yoast.com\/product\/yoast-seo-wordpress\/ -->\n<title>Company - LGDomisis<\/title>\n<meta name=\"robots\" content=\"noindex, follow, max-snippet:-1, max-image-preview:large, max-video-preview:-1\" \/>\n<meta property=\"og:locale\" content=\"de_DE\" \/>\n<meta property=\"og:type\" content=\"article\" \/>\n<meta property=\"og:title\" content=\"Company - LGDomisis\" \/>\n<meta property=\"og:description\" content=\"THE COMPANY LG Domisis was founded with a clear and long-term vision: to become a benchmark in the fields of construction and real estate development through disciplined execution, technical excellence, and lasting value. From the outset, the company has focused on delivering projects that balance functionality, architectural integrity, and operational performance. Our approach is grounded [&hellip;]\" \/>\n<meta property=\"og:url\" content=\"https:\/\/lgdomisi.com\/de\/unternehmen\/\" \/>\n<meta property=\"og:site_name\" content=\"LGDomisis\" \/>\n<meta property=\"article:modified_time\" content=\"2026-02-02T09:46:55+00:00\" \/>\n<meta property=\"og:image\" content=\"https:\/\/lgdomisi.com\/wp-content\/uploads\/2026\/01\/lg_city-01-e1769433675713.png\" \/>\n\t<meta property=\"og:image:width\" content=\"1238\" \/>\n\t<meta property=\"og:image:height\" content=\"1024\" \/>\n\t<meta property=\"og:image:type\" content=\"image\/png\" \/>\n<meta name=\"twitter:card\" content=\"summary_large_image\" \/>\n<meta name=\"twitter:label1\" content=\"Gesch\u00e4tzte Lesezeit\" \/>\n\t<meta name=\"twitter:data1\" content=\"2\u00a0Minuten\" \/>\n<script type=\"application\/ld+json\" class=\"yoast-schema-graph\">{\"@context\":\"https:\\\/\\\/schema.org\",\"@graph\":[{\"@type\":\"WebPage\",\"@id\":\"https:\\\/\\\/lgdomisi.com\\\/company\\\/\",\"url\":\"https:\\\/\\\/lgdomisi.com\\\/company\\\/\",\"name\":\"Company - LGDomisis\",\"isPartOf\":{\"@id\":\"https:\\\/\\\/lgdomisi.com\\\/#website\"},\"primaryImageOfPage\":{\"@id\":\"https:\\\/\\\/lgdomisi.com\\\/company\\\/#primaryimage\"},\"image\":{\"@id\":\"https:\\\/\\\/lgdomisi.com\\\/company\\\/#primaryimage\"},\"thumbnailUrl\":\"https:\\\/\\\/lgdomisi.com\\\/wp-content\\\/uploads\\\/2026\\\/01\\\/lg_city-01-e1769433675713-1024x847.png\",\"datePublished\":\"2026-01-29T10:08:28+00:00\",\"dateModified\":\"2026-02-02T09:46:55+00:00\",\"breadcrumb\":{\"@id\":\"https:\\\/\\\/lgdomisi.com\\\/company\\\/#breadcrumb\"},\"inLanguage\":\"de\",\"potentialAction\":[{\"@type\":\"ReadAction\",\"target\":[\"https:\\\/\\\/lgdomisi.com\\\/company\\\/\"]}]},{\"@type\":\"ImageObject\",\"inLanguage\":\"de\",\"@id\":\"https:\\\/\\\/lgdomisi.com\\\/company\\\/#primaryimage\",\"url\":\"https:\\\/\\\/lgdomisi.com\\\/wp-content\\\/uploads\\\/2026\\\/01\\\/lg_city-01-e1769433675713-1024x847.png\",\"contentUrl\":\"https:\\\/\\\/lgdomisi.com\\\/wp-content\\\/uploads\\\/2026\\\/01\\\/lg_city-01-e1769433675713-1024x847.png\"},{\"@type\":\"BreadcrumbList\",\"@id\":\"https:\\\/\\\/lgdomisi.com\\\/company\\\/#breadcrumb\",\"itemListElement\":[{\"@type\":\"ListItem\",\"position\":1,\"name\":\"Home\",\"item\":\"https:\\\/\\\/lgdomisi.com\\\/\"},{\"@type\":\"ListItem\",\"position\":2,\"name\":\"Company\"}]},{\"@type\":\"WebSite\",\"@id\":\"https:\\\/\\\/lgdomisi.com\\\/#website\",\"url\":\"https:\\\/\\\/lgdomisi.com\\\/\",\"name\":\"LGDomisis\",\"description\":\"\",\"publisher\":{\"@id\":\"https:\\\/\\\/lgdomisi.com\\\/#organization\"},\"potentialAction\":[{\"@type\":\"SearchAction\",\"target\":{\"@type\":\"EntryPoint\",\"urlTemplate\":\"https:\\\/\\\/lgdomisi.com\\\/?s={search_term_string}\"},\"query-input\":{\"@type\":\"PropertyValueSpecification\",\"valueRequired\":true,\"valueName\":\"search_term_string\"}}],\"inLanguage\":\"de\"},{\"@type\":\"Organization\",\"@id\":\"https:\\\/\\\/lgdomisi.com\\\/#organization\",\"name\":\"LGDomisis\",\"url\":\"https:\\\/\\\/lgdomisi.com\\\/\",\"logo\":{\"@type\":\"ImageObject\",\"inLanguage\":\"de\",\"@id\":\"https:\\\/\\\/lgdomisi.com\\\/#\\\/schema\\\/logo\\\/image\\\/\",\"url\":\"https:\\\/\\\/lgdomisi.com\\\/wp-content\\\/uploads\\\/2025\\\/11\\\/cropped-lg-logo.png\",\"contentUrl\":\"https:\\\/\\\/lgdomisi.com\\\/wp-content\\\/uploads\\\/2025\\\/11\\\/cropped-lg-logo.png\",\"width\":1733,\"height\":699,\"caption\":\"LGDomisis\"},\"image\":{\"@id\":\"https:\\\/\\\/lgdomisi.com\\\/#\\\/schema\\\/logo\\\/image\\\/\"}}]}<\/script>\n<!-- \/ Yoast SEO plugin. -->","yoast_head_json":{"title":"Unternehmen - LGDomisis","robots":{"index":"noindex","follow":"follow","max-snippet":"max-snippet:-1","max-image-preview":"max-image-preview:large","max-video-preview":"max-video-preview:-1"},"og_locale":"de_DE","og_type":"article","og_title":"Company - LGDomisis","og_description":"THE COMPANY LG Domisis was founded with a clear and long-term vision: to become a benchmark in the fields of construction and real estate development through disciplined execution, technical excellence, and lasting value. From the outset, the company has focused on delivering projects that balance functionality, architectural integrity, and operational performance. Our approach is grounded [&hellip;]","og_url":"https:\/\/lgdomisi.com\/de\/unternehmen\/","og_site_name":"LGDomisis","article_modified_time":"2026-02-02T09:46:55+00:00","og_image":[{"width":1238,"height":1024,"url":"https:\/\/lgdomisi.com\/wp-content\/uploads\/2026\/01\/lg_city-01-e1769433675713.png","type":"image\/png"}],"twitter_card":"summary_large_image","twitter_misc":{"Gesch\u00e4tzte Lesezeit":"2\u00a0Minuten"},"schema":{"@context":"https:\/\/schema.org","@graph":[{"@type":"WebPage","@id":"https:\/\/lgdomisi.com\/company\/","url":"https:\/\/lgdomisi.com\/company\/","name":"Unternehmen - LGDomisis","isPartOf":{"@id":"https:\/\/lgdomisi.com\/#website"},"primaryImageOfPage":{"@id":"https:\/\/lgdomisi.com\/company\/#primaryimage"},"image":{"@id":"https:\/\/lgdomisi.com\/company\/#primaryimage"},"thumbnailUrl":"https:\/\/lgdomisi.com\/wp-content\/uploads\/2026\/01\/lg_city-01-e1769433675713-1024x847.png","datePublished":"2026-01-29T10:08:28+00:00","dateModified":"2026-02-02T09:46:55+00:00","breadcrumb":{"@id":"https:\/\/lgdomisi.com\/company\/#breadcrumb"},"inLanguage":"de","potentialAction":[{"@type":"ReadAction","target":["https:\/\/lgdomisi.com\/company\/"]}]},{"@type":"ImageObject","inLanguage":"de","@id":"https:\/\/lgdomisi.com\/company\/#primaryimage","url":"https:\/\/lgdomisi.com\/wp-content\/uploads\/2026\/01\/lg_city-01-e1769433675713-1024x847.png","contentUrl":"https:\/\/lgdomisi.com\/wp-content\/uploads\/2026\/01\/lg_city-01-e1769433675713-1024x847.png"},{"@type":"BreadcrumbList","@id":"https:\/\/lgdomisi.com\/company\/#breadcrumb","itemListElement":[{"@type":"ListItem","position":1,"name":"Home","item":"https:\/\/lgdomisi.com\/"},{"@type":"ListItem","position":2,"name":"Company"}]},{"@type":"WebSite","@id":"https:\/\/lgdomisi.com\/#website","url":"https:\/\/lgdomisi.com\/","name":"LGDomisis","description":"","publisher":{"@id":"https:\/\/lgdomisi.com\/#organization"},"potentialAction":[{"@type":"SearchAction","target":{"@type":"EntryPoint","urlTemplate":"https:\/\/lgdomisi.com\/?s={search_term_string}"},"query-input":{"@type":"PropertyValueSpecification","valueRequired":true,"valueName":"search_term_string"}}],"inLanguage":"de"},{"@type":"Organization","@id":"https:\/\/lgdomisi.com\/#organization","name":"LGDomisis","url":"https:\/\/lgdomisi.com\/","logo":{"@type":"ImageObject","inLanguage":"de","@id":"https:\/\/lgdomisi.com\/#\/schema\/logo\/image\/","url":"https:\/\/lgdomisi.com\/wp-content\/uploads\/2025\/11\/cropped-lg-logo.png","contentUrl":"https:\/\/lgdomisi.com\/wp-content\/uploads\/2025\/11\/cropped-lg-logo.png","width":1733,"height":699,"caption":"LGDomisis"},"image":{"@id":"https:\/\/lgdomisi.com\/#\/schema\/logo\/image\/"}}]}},"_links":{"self":[{"href":"https:\/\/lgdomisi.com\/de\/wp-json\/wp\/v2\/pages\/13474","targetHints":{"allow":["GET"]}}],"collection":[{"href":"https:\/\/lgdomisi.com\/de\/wp-json\/wp\/v2\/pages"}],"about":[{"href":"https:\/\/lgdomisi.com\/de\/wp-json\/wp\/v2\/types\/page"}],"author":[{"embeddable":true,"href":"https:\/\/lgdomisi.com\/de\/wp-json\/wp\/v2\/users\/2"}],"replies":[{"embeddable":true,"href":"https:\/\/lgdomisi.com\/de\/wp-json\/wp\/v2\/comments?post=13474"}],"version-history":[{"count":19,"href":"https:\/\/lgdomisi.com\/de\/wp-json\/wp\/v2\/pages\/13474\/revisions"}],"predecessor-version":[{"id":13746,"href":"https:\/\/lgdomisi.com\/de\/wp-json\/wp\/v2\/pages\/13474\/revisions\/13746"}],"wp:attachment":[{"href":"https:\/\/lgdomisi.com\/de\/wp-json\/wp\/v2\/media?parent=13474"}],"curies":[{"name":"wp","href":"https:\/\/api.w.org\/{rel}","templated":true}]}}