{"id":13709,"date":"2026-02-02T10:48:54","date_gmt":"2026-02-02T08:48:54","guid":{"rendered":"https:\/\/lgdomisi.com\/airports-critical-infrastructure\/"},"modified":"2026-02-02T11:01:25","modified_gmt":"2026-02-02T09:01:25","slug":"flughafen-kritische-infrastruktur","status":"publish","type":"page","link":"https:\/\/lgdomisi.com\/de\/flughafen-kritische-infrastruktur\/","title":{"rendered":"Flugh\u00e4fen &amp; Kritische Infrastruktur"},"content":{"rendered":"<div data-elementor-type=\"wp-page\" data-elementor-id=\"13709\" class=\"elementor elementor-13709\" data-elementor-post-type=\"page\">\n\t\t\t\t<div class=\"elementor-element elementor-element-a9cf5fc e-flex e-con-boxed e-con e-parent\" data-id=\"a9cf5fc\" data-element_type=\"container\" data-e-type=\"container\">\n\t\t\t\t\t<div class=\"e-con-inner\">\n\t\t\t\t<div class=\"elementor-element elementor-element-ac13081 elementor-widget elementor-widget-hotspot\" data-id=\"ac13081\" data-element_type=\"widget\" data-e-type=\"widget\" data-settings=\"{&quot;hotspot&quot;:[{&quot;_id&quot;:&quot;5a5999f&quot;,&quot;hotspot_icon&quot;:{&quot;value&quot;:&quot;icon icon-arrow-curved&quot;,&quot;library&quot;:&quot;toexi-icons&quot;},&quot;hotspot_tooltip_content&quot;:&quot;&lt;p&gt;Airports &amp; Critical Infrastructure&lt;\\\/p&gt;&quot;,&quot;hotspot_offset_x&quot;:{&quot;unit&quot;:&quot;%&quot;,&quot;size&quot;:75,&quot;sizes&quot;:[]},&quot;hotspot_offset_x_mobile&quot;:{&quot;unit&quot;:&quot;px&quot;,&quot;size&quot;:73,&quot;sizes&quot;:[]},&quot;hotspot_offset_y_mobile&quot;:{&quot;unit&quot;:&quot;px&quot;,&quot;size&quot;:47,&quot;sizes&quot;:[]},&quot;hotspot_tooltip_position&quot;:&quot;yes&quot;,&quot;hotspot_position&quot;:&quot;bottom&quot;,&quot;hotspot_position_tablet&quot;:&quot;bottom&quot;,&quot;hotspot_position_mobile&quot;:&quot;bottom&quot;,&quot;hotspot_label&quot;:&quot;&quot;,&quot;hotspot_link&quot;:{&quot;url&quot;:&quot;&quot;,&quot;is_external&quot;:&quot;&quot;,&quot;nofollow&quot;:&quot;&quot;,&quot;custom_attributes&quot;:&quot;&quot;},&quot;hotspot_custom_size&quot;:&quot;no&quot;,&quot;hotspot_horizontal&quot;:&quot;left&quot;,&quot;hotspot_vertical&quot;:&quot;top&quot;,&quot;hotspot_icon_position&quot;:null,&quot;hotspot_icon_spacing&quot;:null,&quot;hotspot_width&quot;:null,&quot;hotspot_height&quot;:null,&quot;hotspot_offset_x_tablet&quot;:{&quot;unit&quot;:&quot;px&quot;,&quot;size&quot;:&quot;&quot;,&quot;sizes&quot;:[]},&quot;hotspot_offset_y&quot;:{&quot;unit&quot;:&quot;%&quot;,&quot;size&quot;:50,&quot;sizes&quot;:[]},&quot;hotspot_offset_y_tablet&quot;:{&quot;unit&quot;:&quot;px&quot;,&quot;size&quot;:&quot;&quot;,&quot;sizes&quot;:[]},&quot;hotspot_tooltip_width&quot;:{&quot;unit&quot;:&quot;px&quot;,&quot;size&quot;:&quot;&quot;,&quot;sizes&quot;:[]},&quot;hotspot_tooltip_width_tablet&quot;:{&quot;unit&quot;:&quot;px&quot;,&quot;size&quot;:&quot;&quot;,&quot;sizes&quot;:[]},&quot;hotspot_tooltip_width_mobile&quot;:{&quot;unit&quot;:&quot;px&quot;,&quot;size&quot;:&quot;&quot;,&quot;sizes&quot;:[]},&quot;hotspot_tooltip_text_wrap&quot;:&quot;&quot;}],&quot;tooltip_position&quot;:&quot;top&quot;,&quot;tooltip_trigger&quot;:&quot;click&quot;,&quot;tooltip_animation&quot;:&quot;e-hotspot--fade-in-out&quot;}\" data-widget_type=\"hotspot.default\">\n\t\t\t\t<div class=\"elementor-widget-container\">\n\t\t\t\t\t<img fetchpriority=\"high\" decoding=\"async\" width=\"640\" height=\"529\" src=\"https:\/\/lgdomisi.com\/wp-content\/uploads\/2026\/01\/lg_city-01-e1769433675713-1024x847.png\" class=\"attachment-large size-large wp-image-13192\" alt=\"\" srcset=\"https:\/\/lgdomisi.com\/wp-content\/uploads\/2026\/01\/lg_city-01-e1769433675713-1024x847.png 1024w, https:\/\/lgdomisi.com\/wp-content\/uploads\/2026\/01\/lg_city-01-e1769433675713-300x248.png 300w, https:\/\/lgdomisi.com\/wp-content\/uploads\/2026\/01\/lg_city-01-e1769433675713-768x635.png 768w, https:\/\/lgdomisi.com\/wp-content\/uploads\/2026\/01\/lg_city-01-e1769433675713.png 1238w\" sizes=\"(max-width: 640px) 100vw, 640px\" \/>\n\t\t\t\t\t\t<div class=\"e-hotspot elementor-repeater-item-5a5999f  e-hotspot--position-left e-hotspot--position-top   e-hotspot--icon\">\n\n\t\t\t\t\t\t\t\t<div class=\"e-hotspot__button e-hotspot--expand\">\n\t\t\t\t\t\t\t\t\t\t\t\t\t\t\t\t\t\t<div class=\"e-hotspot__icon\"><i class=\"icon icon-arrow-curved\"><\/i><\/div>\n\t\t\t\t\t\t\t\t\t\t\t\t\t\t\t\t\t\t\t\t\t<\/div>\n\n\t\t\t\t\t\t\t\t\t\t\t\t\t\t\t\t\t\t<div class=\"e-hotspot__tooltip  e-hotspot--tooltip-position e-hotspot--fade-in-out\" >\n\t\t\t\t\t\t<p>Flugh\u00e4fen und kritische Infrastrukturen<\/p>\t\t\t\t\t<\/div>\n\t\t\t\t\t\t\t\t\t\n\t\t\t<\/div>\n\n\t\n\t\t\t\t\t\t<\/div>\n\t\t\t\t<\/div>\n\t\t\t\t\t<\/div>\n\t\t\t\t<\/div>\n\t\t<div class=\"elementor-element elementor-element-ce7a1e8 e-flex e-con-boxed e-con e-parent\" data-id=\"ce7a1e8\" data-element_type=\"container\" data-e-type=\"container\">\n\t\t\t\t\t<div class=\"e-con-inner\">\n\t\t\t\t<div class=\"elementor-element elementor-element-7929074 elementor-widget elementor-widget-text-editor\" data-id=\"7929074\" data-element_type=\"widget\" data-e-type=\"widget\" data-widget_type=\"text-editor.default\">\n\t\t\t\t\t\t\t\t\t<p><span style=\"font-weight: 400;\">Wir f\u00fchren komplexe Bauarbeiten an Flugh\u00e4fen und in kritischen Infrastrukturen durch, wo Sicherheit, Gefahrenabwehr und operative Kontinuit\u00e4t von gr\u00f6\u00dfter Bedeutung sind. Unsere Erfahrung umfasst Terminalmodernisierungen, strukturelle Eingriffe, elektromechanische Installationen und Airside-Einrichtungen.<\/span><\/p><p><span style=\"font-weight: 400;\">Wir arbeiten in hochsicheren Live-Umgebungen und implementieren strenge Koordinationsprotokolle, um den unterbrechungsfreien Flugbetrieb und die vollst\u00e4ndige Einhaltung der Vorschriften zu gew\u00e4hrleisten. Unsere Teams verf\u00fcgen \u00fcber Erfahrung in phasengerechten Bauarbeiten, Nachtarbeiten und beschleunigten Zeitpl\u00e4nen.<\/span><\/p><p><span style=\"font-weight: 400;\">Wir kombinieren technisches Know-how mit diszipliniertem Projektmanagement, um Infrastrukturprojekte zu realisieren, die internationalen Luftfahrtstandards entsprechen und dabei Qualit\u00e4t, Sicherheit und Effizienz w\u00e4hrend der gesamten Ausf\u00fchrung gew\u00e4hrleisten.<\/span><\/p>\t\t\t\t\t\t\t\t<\/div>\n\t\t\t\t\t<\/div>\n\t\t\t\t<\/div>\n\t\t<div class=\"elementor-element elementor-element-3588037 e-flex e-con-boxed e-con e-parent\" data-id=\"3588037\" data-element_type=\"container\" data-e-type=\"container\" data-settings=\"{&quot;background_background&quot;:&quot;classic&quot;}\">\n\t\t\t\t\t<div class=\"e-con-inner\">\n\t\t\t\t<div class=\"elementor-element elementor-element-12e2977 elementor-widget elementor-widget-heading\" data-id=\"12e2977\" data-element_type=\"widget\" data-e-type=\"widget\" data-widget_type=\"heading.default\">\n\t\t\t\t\t<h1 class=\"elementor-heading-title elementor-size-default\">Unsere Projekte<\/h1>\t\t\t\t<\/div>\n\t\t\t\t<div class=\"elementor-element elementor-element-152e12e elementor-pagination-type-bullets elementor-arrows-position-inside elementor-pagination-position-outside elementor-widget elementor-widget-loop-carousel\" data-id=\"152e12e\" data-element_type=\"widget\" data-e-type=\"widget\" data-settings=\"{&quot;template_id&quot;:&quot;13361&quot;,&quot;slides_to_show&quot;:&quot;4&quot;,&quot;_skin&quot;:&quot;post&quot;,&quot;slides_to_show_tablet&quot;:&quot;2&quot;,&quot;slides_to_show_mobile&quot;:&quot;1&quot;,&quot;slides_to_scroll&quot;:&quot;1&quot;,&quot;edit_handle_selector&quot;:&quot;.elementor-loop-container&quot;,&quot;autoplay&quot;:&quot;yes&quot;,&quot;autoplay_speed&quot;:5000,&quot;pause_on_hover&quot;:&quot;yes&quot;,&quot;pause_on_interaction&quot;:&quot;yes&quot;,&quot;infinite&quot;:&quot;yes&quot;,&quot;speed&quot;:500,&quot;offset_sides&quot;:&quot;none&quot;,&quot;arrows&quot;:&quot;yes&quot;,&quot;pagination&quot;:&quot;bullets&quot;,&quot;image_spacing_custom&quot;:{&quot;unit&quot;:&quot;px&quot;,&quot;size&quot;:10,&quot;sizes&quot;:[]},&quot;image_spacing_custom_tablet&quot;:{&quot;unit&quot;:&quot;px&quot;,&quot;size&quot;:&quot;&quot;,&quot;sizes&quot;:[]},&quot;image_spacing_custom_mobile&quot;:{&quot;unit&quot;:&quot;px&quot;,&quot;size&quot;:&quot;&quot;,&quot;sizes&quot;:[]}}\" data-widget_type=\"loop-carousel.post\">\n\t\t\t\t\t\t\t<div class=\"swiper elementor-loop-container elementor-grid\" role=\"list\" dir=\"ltr\">\n\t\t\t\t<div class=\"swiper-wrapper\" aria-live=\"off\">\n\t\t<style id=\"loop-13361\">.elementor-13361 .elementor-element.elementor-element-cb6e42e{--display:flex;border-style:none;--border-style:none;}.elementor-13361 .elementor-element.elementor-element-cb6e42e:hover{--border-radius:50px 50px 50px 50px;--border-top-left-radius:50px;--border-top-right-radius:50px;--border-bottom-right-radius:50px;--border-bottom-left-radius:50px;}.elementor-13361 .elementor-element.elementor-element-cb6e42e, .elementor-13361 .elementor-element.elementor-element-cb6e42e::before{--border-transition:0.8s;}.elementor-widget-image .widget-image-caption{color:var( --e-global-color-text );font-family:var( --e-global-typography-text-font-family ), Sans-serif;font-weight:var( --e-global-typography-text-font-weight );}.elementor-13361 .elementor-element.elementor-element-18c846c img{height:400px;object-fit:cover;object-position:center center;border-radius:20px 20px 20px 20px;}.elementor-widget-heading .elementor-heading-title{font-family:var( --e-global-typography-primary-font-family ), Sans-serif;font-weight:var( --e-global-typography-primary-font-weight );color:var( --e-global-color-primary );}.elementor-13361 .elementor-element.elementor-element-0aa700b{text-align:center;}.elementor-13361 .elementor-element.elementor-element-0aa700b .elementor-heading-title{font-family:\"Roboto\", Sans-serif;font-size:20px;font-weight:500;color:var( --e-global-color-b5b782b );}.elementor-13361 .elementor-element.elementor-element-0aa700b .elementor-heading-title a:hover, .elementor-13361 .elementor-element.elementor-element-0aa700b .elementor-heading-title a:focus{color:var( --e-global-color-131a730 );}\/* Start custom CSS for container, class: .elementor-element-cb6e42e *\/.elementor-13361 .elementor-element.elementor-element-cb6e42e .elementor-element {\n    transition: transform 0.3s ease, box-shadow 0.3s ease;\n}\n\n.elementor-13361 .elementor-element.elementor-element-cb6e42e .elementor-element:hover {\n    transform: scale(1.05);\n}\/* End custom CSS *\/<\/style>\t\t<div data-elementor-type=\"loop-item\" data-elementor-id=\"13361\" class=\"elementor elementor-13361 swiper-slide e-loop-item e-loop-item-13827 post-13827 project type-project status-publish has-post-thumbnail hentry project_cat-airports\" data-elementor-post-type=\"elementor_library\" role=\"group\" aria-roledescription=\"slide\" data-custom-edit-handle=\"1\">\n\t\t\t<a class=\"elementor-element elementor-element-cb6e42e e-flex e-con-boxed e-con e-parent\" data-id=\"cb6e42e\" data-element_type=\"container\" data-e-type=\"container\" href=\"https:\/\/lgdomisi.com\/de\/projekt\/flughafen-thessaloniki\/\">\n\t\t\t\t\t<div class=\"e-con-inner\">\n\t\t\t\t<div class=\"elementor-element elementor-element-18c846c elementor-widget elementor-widget-image\" data-id=\"18c846c\" data-element_type=\"widget\" data-e-type=\"widget\" data-widget_type=\"image.default\">\n\t\t\t\t\t\t\t\t\t\t\t\t\t\t\t<img decoding=\"async\" width=\"640\" height=\"427\" src=\"https:\/\/lgdomisi.com\/wp-content\/uploads\/2026\/02\/\u0391\u0395\u03a1\u039f\u0394\u03a1\u039f\u039c\u0399\u039f-\u0398\u0395\u03a3\u03a3\u0391\u039b\u039f\u039d\u0399\u039a\u0397\u03a3-2.jpg\" class=\"attachment-large size-large wp-image-13829\" alt=\"\" srcset=\"https:\/\/lgdomisi.com\/wp-content\/uploads\/2026\/02\/\u0391\u0395\u03a1\u039f\u0394\u03a1\u039f\u039c\u0399\u039f-\u0398\u0395\u03a3\u03a3\u0391\u039b\u039f\u039d\u0399\u039a\u0397\u03a3-2.jpg 1024w, https:\/\/lgdomisi.com\/wp-content\/uploads\/2026\/02\/\u0391\u0395\u03a1\u039f\u0394\u03a1\u039f\u039c\u0399\u039f-\u0398\u0395\u03a3\u03a3\u0391\u039b\u039f\u039d\u0399\u039a\u0397\u03a3-2-300x200.jpg 300w, https:\/\/lgdomisi.com\/wp-content\/uploads\/2026\/02\/\u0391\u0395\u03a1\u039f\u0394\u03a1\u039f\u039c\u0399\u039f-\u0398\u0395\u03a3\u03a3\u0391\u039b\u039f\u039d\u0399\u039a\u0397\u03a3-2-768x512.jpg 768w, https:\/\/lgdomisi.com\/wp-content\/uploads\/2026\/02\/\u0391\u0395\u03a1\u039f\u0394\u03a1\u039f\u039c\u0399\u039f-\u0398\u0395\u03a3\u03a3\u0391\u039b\u039f\u039d\u0399\u039a\u0397\u03a3-2-18x12.jpg 18w\" sizes=\"(max-width: 640px) 100vw, 640px\" \/>\t\t\t\t\t\t\t\t\t\t\t\t\t\t\t<\/div>\n\t\t\t\t<div class=\"elementor-element elementor-element-0aa700b elementor-widget elementor-widget-heading\" data-id=\"0aa700b\" data-element_type=\"widget\" data-e-type=\"widget\" data-widget_type=\"heading.default\">\n\t\t\t\t\t<h2 class=\"elementor-heading-title elementor-size-default\">Flughafen Thessaloniki<\/h2>\t\t\t\t<\/div>\n\t\t\t\t\t<\/div>\n\t\t\t\t<\/a>\n\t\t\t\t<\/div>\n\t\t\t\t<div data-elementor-type=\"loop-item\" data-elementor-id=\"13361\" class=\"elementor elementor-13361 swiper-slide e-loop-item e-loop-item-13801 post-13801 project type-project status-publish has-post-thumbnail hentry project_cat-airports\" data-elementor-post-type=\"elementor_library\" role=\"group\" aria-roledescription=\"slide\" data-custom-edit-handle=\"1\">\n\t\t\t<a class=\"elementor-element elementor-element-cb6e42e e-flex e-con-boxed e-con e-parent\" data-id=\"cb6e42e\" data-element_type=\"container\" data-e-type=\"container\" href=\"https:\/\/lgdomisi.com\/de\/projekt\/flughafenkos\/\">\n\t\t\t\t\t<div class=\"e-con-inner\">\n\t\t\t\t<div class=\"elementor-element elementor-element-18c846c elementor-widget elementor-widget-image\" data-id=\"18c846c\" data-element_type=\"widget\" data-e-type=\"widget\" data-widget_type=\"image.default\">\n\t\t\t\t\t\t\t\t\t\t\t\t\t\t\t<img decoding=\"async\" width=\"640\" height=\"360\" src=\"https:\/\/lgdomisi.com\/wp-content\/uploads\/2026\/02\/20200212_114551-scaled-1.webp\" class=\"attachment-large size-large wp-image-13807\" alt=\"\" srcset=\"https:\/\/lgdomisi.com\/wp-content\/uploads\/2026\/02\/20200212_114551-scaled-1.webp 1024w, https:\/\/lgdomisi.com\/wp-content\/uploads\/2026\/02\/20200212_114551-scaled-1-300x169.webp 300w, https:\/\/lgdomisi.com\/wp-content\/uploads\/2026\/02\/20200212_114551-scaled-1-768x432.webp 768w, https:\/\/lgdomisi.com\/wp-content\/uploads\/2026\/02\/20200212_114551-scaled-1-18x10.webp 18w\" sizes=\"(max-width: 640px) 100vw, 640px\" \/>\t\t\t\t\t\t\t\t\t\t\t\t\t\t\t<\/div>\n\t\t\t\t<div class=\"elementor-element elementor-element-0aa700b elementor-widget elementor-widget-heading\" data-id=\"0aa700b\" data-element_type=\"widget\" data-e-type=\"widget\" data-widget_type=\"heading.default\">\n\t\t\t\t\t<h2 class=\"elementor-heading-title elementor-size-default\">Flughafen - Kos<\/h2>\t\t\t\t<\/div>\n\t\t\t\t\t<\/div>\n\t\t\t\t<\/a>\n\t\t\t\t<\/div>\n\t\t\t\t<\/div>\n\t\t<\/div>\n\t\t\t\t\t<div class=\"elementor-swiper-button elementor-swiper-button-prev\" role=\"button\" tabindex=\"0\" aria-label=\"Voriger\">\n\t\t\t\t<svg aria-hidden=\"true\" class=\"e-font-icon-svg e-eicon-chevron-left\" viewbox=\"0 0 1000 1000\" xmlns=\"http:\/\/www.w3.org\/2000\/svg\"><path d=\"M646 125C629 125 613 133 604 142L308 442C296 454 292 471 292 487 292 504 296 521 308 533L604 854C617 867 629 875 646 875 663 875 679 871 692 858 704 846 713 829 713 812 713 796 708 779 692 767L438 487 692 225C700 217 708 204 708 187 708 171 704 154 692 142 675 129 663 125 646 125Z\"><\/path><\/svg>\t\t\t<\/div>\n\t\t\t<div class=\"elementor-swiper-button elementor-swiper-button-next\" role=\"button\" tabindex=\"0\" aria-label=\"N\u00e4chster\">\n\t\t\t\t<svg aria-hidden=\"true\" class=\"e-font-icon-svg e-eicon-chevron-right\" viewbox=\"0 0 1000 1000\" xmlns=\"http:\/\/www.w3.org\/2000\/svg\"><path d=\"M696 533C708 521 713 504 713 487 713 471 708 454 696 446L400 146C388 133 375 125 354 125 338 125 325 129 313 142 300 154 292 171 292 187 292 204 296 221 308 233L563 492 304 771C292 783 288 800 288 817 288 833 296 850 308 863 321 871 338 875 354 875 371 875 388 867 400 854L696 533Z\"><\/path><\/svg>\t\t\t<\/div>\n\t\t\t\t\t<div class=\"swiper-pagination\"><\/div>\n\t\t\t\t\t\t<\/div>\n\t\t\t\t\t<\/div>\n\t\t\t\t<\/div>\n\t\t<div class=\"elementor-element elementor-element-412e134 e-flex e-con-boxed e-con e-parent\" data-id=\"412e134\" data-element_type=\"container\" data-e-type=\"container\">\n\t\t\t\t\t<div class=\"e-con-inner\">\n\t\t\t\t<div class=\"elementor-element elementor-element-139583b elementor-widget elementor-widget-button\" data-id=\"139583b\" data-element_type=\"widget\" data-e-type=\"widget\" data-widget_type=\"button.default\">\n\t\t\t\t\t\t\t\t\t\t<a class=\"elementor-button elementor-button-link elementor-size-sm\" href=\"#\">\n\t\t\t\t\t\t<span class=\"elementor-button-content-wrapper\">\n\t\t\t\t\t\t\t\t\t<span class=\"elementor-button-text\">KONTAKT US<\/span>\n\t\t\t\t\t<\/span>\n\t\t\t\t\t<\/a>\n\t\t\t\t\t\t\t\t<\/div>\n\t\t\t\t\t<\/div>\n\t\t\t\t<\/div>\n\t\t\t\t<\/div>","protected":false},"excerpt":{"rendered":"<p>Airports &amp; Critical Infrastructure We deliver complex construction works in airports and critical infrastructure environments, where safety, security, and operational continuity are paramount. Our experience includes terminal upgrades, structural interventions, electromechanical installations, and airside facilities. Operating within live, high-security environments, we implement strict coordination protocols to ensure uninterrupted airport operations and full regulatory compliance. Our [&hellip;]<\/p>","protected":false},"author":2,"featured_media":0,"parent":0,"menu_order":0,"comment_status":"closed","ping_status":"closed","template":"elementor_header_footer","meta":{"_acf_changed":false,"footnotes":""},"class_list":["post-13709","page","type-page","status-publish","hentry"],"acf":[],"yoast_head":"<!-- This site is optimized with the Yoast SEO plugin v27.5 - https:\/\/yoast.com\/product\/yoast-seo-wordpress\/ -->\n<title>Airports &amp; Critical Infrastructure - LGDomisis<\/title>\n<meta name=\"robots\" content=\"noindex, follow, max-snippet:-1, max-image-preview:large, max-video-preview:-1\" \/>\n<meta property=\"og:locale\" content=\"de_DE\" \/>\n<meta property=\"og:type\" content=\"article\" \/>\n<meta property=\"og:title\" content=\"Airports &amp; Critical Infrastructure - LGDomisis\" \/>\n<meta property=\"og:description\" content=\"Airports &amp; Critical Infrastructure We deliver complex construction works in airports and critical infrastructure environments, where safety, security, and operational continuity are paramount. Our experience includes terminal upgrades, structural interventions, electromechanical installations, and airside facilities. Operating within live, high-security environments, we implement strict coordination protocols to ensure uninterrupted airport operations and full regulatory compliance. Our [&hellip;]\" \/>\n<meta property=\"og:url\" content=\"https:\/\/lgdomisi.com\/de\/flughafen-kritische-infrastruktur\/\" \/>\n<meta property=\"og:site_name\" content=\"LGDomisis\" \/>\n<meta property=\"article:modified_time\" content=\"2026-02-02T09:01:25+00:00\" \/>\n<meta property=\"og:image\" content=\"https:\/\/lgdomisi.com\/wp-content\/uploads\/2026\/01\/lg_city-01-e1769433675713.png\" \/>\n\t<meta property=\"og:image:width\" content=\"1238\" \/>\n\t<meta property=\"og:image:height\" content=\"1024\" \/>\n\t<meta property=\"og:image:type\" content=\"image\/png\" \/>\n<meta name=\"twitter:card\" content=\"summary_large_image\" \/>\n<meta name=\"twitter:label1\" content=\"Gesch\u00e4tzte Lesezeit\" \/>\n\t<meta name=\"twitter:data1\" content=\"1\u00a0Minute\" \/>\n<script type=\"application\/ld+json\" class=\"yoast-schema-graph\">{\"@context\":\"https:\\\/\\\/schema.org\",\"@graph\":[{\"@type\":\"WebPage\",\"@id\":\"https:\\\/\\\/lgdomisi.com\\\/airports-critical-infrastructure\\\/\",\"url\":\"https:\\\/\\\/lgdomisi.com\\\/airports-critical-infrastructure\\\/\",\"name\":\"Airports & Critical Infrastructure - LGDomisis\",\"isPartOf\":{\"@id\":\"https:\\\/\\\/lgdomisi.com\\\/#website\"},\"primaryImageOfPage\":{\"@id\":\"https:\\\/\\\/lgdomisi.com\\\/airports-critical-infrastructure\\\/#primaryimage\"},\"image\":{\"@id\":\"https:\\\/\\\/lgdomisi.com\\\/airports-critical-infrastructure\\\/#primaryimage\"},\"thumbnailUrl\":\"https:\\\/\\\/lgdomisi.com\\\/wp-content\\\/uploads\\\/2026\\\/01\\\/lg_city-01-e1769433675713-1024x847.png\",\"datePublished\":\"2026-02-02T08:48:54+00:00\",\"dateModified\":\"2026-02-02T09:01:25+00:00\",\"breadcrumb\":{\"@id\":\"https:\\\/\\\/lgdomisi.com\\\/airports-critical-infrastructure\\\/#breadcrumb\"},\"inLanguage\":\"de\",\"potentialAction\":[{\"@type\":\"ReadAction\",\"target\":[\"https:\\\/\\\/lgdomisi.com\\\/airports-critical-infrastructure\\\/\"]}]},{\"@type\":\"ImageObject\",\"inLanguage\":\"de\",\"@id\":\"https:\\\/\\\/lgdomisi.com\\\/airports-critical-infrastructure\\\/#primaryimage\",\"url\":\"https:\\\/\\\/lgdomisi.com\\\/wp-content\\\/uploads\\\/2026\\\/01\\\/lg_city-01-e1769433675713-1024x847.png\",\"contentUrl\":\"https:\\\/\\\/lgdomisi.com\\\/wp-content\\\/uploads\\\/2026\\\/01\\\/lg_city-01-e1769433675713-1024x847.png\"},{\"@type\":\"BreadcrumbList\",\"@id\":\"https:\\\/\\\/lgdomisi.com\\\/airports-critical-infrastructure\\\/#breadcrumb\",\"itemListElement\":[{\"@type\":\"ListItem\",\"position\":1,\"name\":\"Home\",\"item\":\"https:\\\/\\\/lgdomisi.com\\\/\"},{\"@type\":\"ListItem\",\"position\":2,\"name\":\"Airports &#038; Critical Infrastructure\"}]},{\"@type\":\"WebSite\",\"@id\":\"https:\\\/\\\/lgdomisi.com\\\/#website\",\"url\":\"https:\\\/\\\/lgdomisi.com\\\/\",\"name\":\"LGDomisis\",\"description\":\"\",\"publisher\":{\"@id\":\"https:\\\/\\\/lgdomisi.com\\\/#organization\"},\"potentialAction\":[{\"@type\":\"SearchAction\",\"target\":{\"@type\":\"EntryPoint\",\"urlTemplate\":\"https:\\\/\\\/lgdomisi.com\\\/?s={search_term_string}\"},\"query-input\":{\"@type\":\"PropertyValueSpecification\",\"valueRequired\":true,\"valueName\":\"search_term_string\"}}],\"inLanguage\":\"de\"},{\"@type\":\"Organization\",\"@id\":\"https:\\\/\\\/lgdomisi.com\\\/#organization\",\"name\":\"LGDomisis\",\"url\":\"https:\\\/\\\/lgdomisi.com\\\/\",\"logo\":{\"@type\":\"ImageObject\",\"inLanguage\":\"de\",\"@id\":\"https:\\\/\\\/lgdomisi.com\\\/#\\\/schema\\\/logo\\\/image\\\/\",\"url\":\"https:\\\/\\\/lgdomisi.com\\\/wp-content\\\/uploads\\\/2025\\\/11\\\/cropped-lg-logo.png\",\"contentUrl\":\"https:\\\/\\\/lgdomisi.com\\\/wp-content\\\/uploads\\\/2025\\\/11\\\/cropped-lg-logo.png\",\"width\":1733,\"height\":699,\"caption\":\"LGDomisis\"},\"image\":{\"@id\":\"https:\\\/\\\/lgdomisi.com\\\/#\\\/schema\\\/logo\\\/image\\\/\"}}]}<\/script>\n<!-- \/ Yoast SEO plugin. -->","yoast_head_json":{"title":"Flugh\u00e4fen &amp; Kritische Infrastruktur - LGDomisis","robots":{"index":"noindex","follow":"follow","max-snippet":"max-snippet:-1","max-image-preview":"max-image-preview:large","max-video-preview":"max-video-preview:-1"},"og_locale":"de_DE","og_type":"article","og_title":"Airports & Critical Infrastructure - LGDomisis","og_description":"Airports &amp; Critical Infrastructure We deliver complex construction works in airports and critical infrastructure environments, where safety, security, and operational continuity are paramount. Our experience includes terminal upgrades, structural interventions, electromechanical installations, and airside facilities. Operating within live, high-security environments, we implement strict coordination protocols to ensure uninterrupted airport operations and full regulatory compliance. Our [&hellip;]","og_url":"https:\/\/lgdomisi.com\/de\/flughafen-kritische-infrastruktur\/","og_site_name":"LGDomisis","article_modified_time":"2026-02-02T09:01:25+00:00","og_image":[{"width":1238,"height":1024,"url":"https:\/\/lgdomisi.com\/wp-content\/uploads\/2026\/01\/lg_city-01-e1769433675713.png","type":"image\/png"}],"twitter_card":"summary_large_image","twitter_misc":{"Gesch\u00e4tzte Lesezeit":"1\u00a0Minute"},"schema":{"@context":"https:\/\/schema.org","@graph":[{"@type":"WebPage","@id":"https:\/\/lgdomisi.com\/airports-critical-infrastructure\/","url":"https:\/\/lgdomisi.com\/airports-critical-infrastructure\/","name":"Flugh\u00e4fen &amp; Kritische Infrastruktur - LGDomisis","isPartOf":{"@id":"https:\/\/lgdomisi.com\/#website"},"primaryImageOfPage":{"@id":"https:\/\/lgdomisi.com\/airports-critical-infrastructure\/#primaryimage"},"image":{"@id":"https:\/\/lgdomisi.com\/airports-critical-infrastructure\/#primaryimage"},"thumbnailUrl":"https:\/\/lgdomisi.com\/wp-content\/uploads\/2026\/01\/lg_city-01-e1769433675713-1024x847.png","datePublished":"2026-02-02T08:48:54+00:00","dateModified":"2026-02-02T09:01:25+00:00","breadcrumb":{"@id":"https:\/\/lgdomisi.com\/airports-critical-infrastructure\/#breadcrumb"},"inLanguage":"de","potentialAction":[{"@type":"ReadAction","target":["https:\/\/lgdomisi.com\/airports-critical-infrastructure\/"]}]},{"@type":"ImageObject","inLanguage":"de","@id":"https:\/\/lgdomisi.com\/airports-critical-infrastructure\/#primaryimage","url":"https:\/\/lgdomisi.com\/wp-content\/uploads\/2026\/01\/lg_city-01-e1769433675713-1024x847.png","contentUrl":"https:\/\/lgdomisi.com\/wp-content\/uploads\/2026\/01\/lg_city-01-e1769433675713-1024x847.png"},{"@type":"BreadcrumbList","@id":"https:\/\/lgdomisi.com\/airports-critical-infrastructure\/#breadcrumb","itemListElement":[{"@type":"ListItem","position":1,"name":"Home","item":"https:\/\/lgdomisi.com\/"},{"@type":"ListItem","position":2,"name":"Airports &#038; Critical Infrastructure"}]},{"@type":"WebSite","@id":"https:\/\/lgdomisi.com\/#website","url":"https:\/\/lgdomisi.com\/","name":"LGDomisis","description":"","publisher":{"@id":"https:\/\/lgdomisi.com\/#organization"},"potentialAction":[{"@type":"SearchAction","target":{"@type":"EntryPoint","urlTemplate":"https:\/\/lgdomisi.com\/?s={search_term_string}"},"query-input":{"@type":"PropertyValueSpecification","valueRequired":true,"valueName":"search_term_string"}}],"inLanguage":"de"},{"@type":"Organization","@id":"https:\/\/lgdomisi.com\/#organization","name":"LGDomisis","url":"https:\/\/lgdomisi.com\/","logo":{"@type":"ImageObject","inLanguage":"de","@id":"https:\/\/lgdomisi.com\/#\/schema\/logo\/image\/","url":"https:\/\/lgdomisi.com\/wp-content\/uploads\/2025\/11\/cropped-lg-logo.png","contentUrl":"https:\/\/lgdomisi.com\/wp-content\/uploads\/2025\/11\/cropped-lg-logo.png","width":1733,"height":699,"caption":"LGDomisis"},"image":{"@id":"https:\/\/lgdomisi.com\/#\/schema\/logo\/image\/"}}]}},"_links":{"self":[{"href":"https:\/\/lgdomisi.com\/de\/wp-json\/wp\/v2\/pages\/13709","targetHints":{"allow":["GET"]}}],"collection":[{"href":"https:\/\/lgdomisi.com\/de\/wp-json\/wp\/v2\/pages"}],"about":[{"href":"https:\/\/lgdomisi.com\/de\/wp-json\/wp\/v2\/types\/page"}],"author":[{"embeddable":true,"href":"https:\/\/lgdomisi.com\/de\/wp-json\/wp\/v2\/users\/2"}],"replies":[{"embeddable":true,"href":"https:\/\/lgdomisi.com\/de\/wp-json\/wp\/v2\/comments?post=13709"}],"version-history":[{"count":6,"href":"https:\/\/lgdomisi.com\/de\/wp-json\/wp\/v2\/pages\/13709\/revisions"}],"predecessor-version":[{"id":13719,"href":"https:\/\/lgdomisi.com\/de\/wp-json\/wp\/v2\/pages\/13709\/revisions\/13719"}],"wp:attachment":[{"href":"https:\/\/lgdomisi.com\/de\/wp-json\/wp\/v2\/media?parent=13709"}],"curies":[{"name":"wp","href":"https:\/\/api.w.org\/{rel}","templated":true}]}}