{"id":13906,"date":"2026-02-05T09:25:41","date_gmt":"2026-02-05T07:25:41","guid":{"rendered":"https:\/\/lgdomisi.com\/?page_id=13906"},"modified":"2026-02-05T09:26:35","modified_gmt":"2026-02-05T07:26:35","slug":"cookie-richtlinie","status":"publish","type":"page","link":"https:\/\/lgdomisi.com\/de\/cookie-richtlinie\/","title":{"rendered":"Cookie-Richtlinie"},"content":{"rendered":"<div data-elementor-type=\"wp-page\" data-elementor-id=\"13906\" class=\"elementor elementor-13906\" data-elementor-post-type=\"page\">\n\t\t\t\t<div class=\"elementor-element elementor-element-bd44a38 e-flex e-con-boxed e-con e-parent\" data-id=\"bd44a38\" data-element_type=\"container\" data-e-type=\"container\">\n\t\t\t\t\t<div class=\"e-con-inner\">\n\t\t\t\t\t<\/div>\n\t\t\t\t<\/div>\n\t\t<div class=\"elementor-element elementor-element-425d5e66 e-flex e-con-boxed e-con e-parent\" data-id=\"425d5e66\" data-element_type=\"container\" data-e-type=\"container\">\n\t\t\t\t\t<div class=\"e-con-inner\">\n\t\t\t\t<div class=\"elementor-element elementor-element-7db69170 elementor-widget elementor-widget-text-editor\" data-id=\"7db69170\" data-element_type=\"widget\" data-e-type=\"widget\" data-widget_type=\"text-editor.default\">\n\t\t\t\t\t\t\t\t\t\n<h2 class=\"wp-block-heading\"><b>1. Was sind Cookies<\/b><\/h2>\n<p class=\"p3\">Cookies sind kleine Textdateien, die auf Ihrem Ger\u00e4t gespeichert werden, wenn Sie eine Website besuchen. Sie helfen Websites, richtig zu funktionieren und verbessern die Benutzererfahrung.<\/p>\n<h2><b>2. Wie wir Cookies verwenden<\/b><\/h2>\n<p class=\"p3\">LGDomisi verwendet Cookies zu folgenden Zwecken:<\/p>\n<ul>\n<li>\n<p class=\"p1\"><b>Essenziell notwendige Cookies<\/b><b><\/b><\/p>\n<p class=\"p2\">Erforderlich f\u00fcr den Betrieb der Website.<\/p>\n<\/li>\n<li>\n<p class=\"p1\"><b>Performance- &amp; Analyse-Cookies<\/b><b><\/b><\/p>\n<p class=\"p2\">Helfen Sie uns zu verstehen, wie Besucher mit unserer Website interagieren, damit wir deren Funktionalit\u00e4t und Inhalte verbessern k\u00f6nnen.<\/p>\n<\/li>\n<li>\n<p class=\"p1\"><b>Funktionale Cookies<\/b><b><\/b><\/p>\n<p class=\"p2\">Benutzereinstellungen und -pr\u00e4ferenzen speichern.<\/p>\n<\/li>\n<\/ul>\n<p class=\"p3\">Einige Cookies k\u00f6nnen von Drittanbieterdiensten gesetzt werden, die in unsere Website integriert sind.<\/p>\n<h2><b>3. Verwalten von Cookies<\/b><\/h2>\n<p class=\"p3\">Sie k\u00f6nnen Cookies jederzeit \u00fcber Ihre Browsereinstellungen verwalten oder deaktivieren. Bitte beachten Sie, dass die Deaktivierung bestimmter Cookies die Funktionalit\u00e4t der Website beeintr\u00e4chtigen kann.<\/p>\n<h2><b>4. Einverst\u00e4ndnis<\/b><\/h2>\n<p class=\"p3\">Durch die weitere Nutzung dieser Website stimmen Sie der Verwendung von Cookies gem\u00e4\u00df dieser Cookie-Richtlinie zu. Wo gesetzlich vorgeschrieben, wird die Cookie-Zustimmung \u00fcber ein spezielles Cookie-Banner eingeholt.<\/p>\t\t\t\t\t\t\t\t<\/div>\n\t\t\t\t\t<\/div>\n\t\t\t\t<\/div>\n\t\t\t\t<\/div>","protected":false},"excerpt":{"rendered":"<p>1. What Are Cookies Cookies are small text files stored on your device when you visit a website. They help websites function properly and improve the user experience. 2. How We Use Cookies LGDomisi uses cookies for the following purposes: Strictly Necessary Cookies Required for the operation of the website. Performance &amp; Analytics Cookies Help [&hellip;]<\/p>","protected":false},"author":2,"featured_media":0,"parent":0,"menu_order":0,"comment_status":"closed","ping_status":"open","template":"elementor_header_footer","meta":{"_acf_changed":false,"footnotes":""},"class_list":["post-13906","page","type-page","status-publish","hentry"],"acf":[],"yoast_head":"<!-- This site is optimized with the Yoast SEO plugin v27.5 - https:\/\/yoast.com\/product\/yoast-seo-wordpress\/ -->\n<title>Cookies Policy - LGDomisis<\/title>\n<meta name=\"robots\" content=\"noindex, follow, max-snippet:-1, max-image-preview:large, max-video-preview:-1\" \/>\n<meta property=\"og:locale\" content=\"de_DE\" \/>\n<meta property=\"og:type\" content=\"article\" \/>\n<meta property=\"og:title\" content=\"Cookies Policy - LGDomisis\" \/>\n<meta property=\"og:description\" content=\"1. What Are Cookies Cookies are small text files stored on your device when you visit a website. They help websites function properly and improve the user experience. 2. How We Use Cookies LGDomisi uses cookies for the following purposes: Strictly Necessary Cookies Required for the operation of the website. Performance &amp; Analytics Cookies Help [&hellip;]\" \/>\n<meta property=\"og:url\" content=\"https:\/\/lgdomisi.com\/de\/cookie-richtlinie\/\" \/>\n<meta property=\"og:site_name\" content=\"LGDomisis\" \/>\n<meta property=\"article:modified_time\" content=\"2026-02-05T07:26:35+00:00\" \/>\n<meta name=\"twitter:card\" content=\"summary_large_image\" \/>\n<meta name=\"twitter:label1\" content=\"Gesch\u00e4tzte Lesezeit\" \/>\n\t<meta name=\"twitter:data1\" content=\"1\u00a0Minute\" \/>\n<script type=\"application\/ld+json\" class=\"yoast-schema-graph\">{\"@context\":\"https:\\\/\\\/schema.org\",\"@graph\":[{\"@type\":\"WebPage\",\"@id\":\"https:\\\/\\\/lgdomisi.com\\\/cookies-policy\\\/\",\"url\":\"https:\\\/\\\/lgdomisi.com\\\/cookies-policy\\\/\",\"name\":\"Cookies Policy - LGDomisis\",\"isPartOf\":{\"@id\":\"https:\\\/\\\/lgdomisi.com\\\/#website\"},\"datePublished\":\"2026-02-05T07:25:41+00:00\",\"dateModified\":\"2026-02-05T07:26:35+00:00\",\"breadcrumb\":{\"@id\":\"https:\\\/\\\/lgdomisi.com\\\/cookies-policy\\\/#breadcrumb\"},\"inLanguage\":\"de\",\"potentialAction\":[{\"@type\":\"ReadAction\",\"target\":[\"https:\\\/\\\/lgdomisi.com\\\/cookies-policy\\\/\"]}]},{\"@type\":\"BreadcrumbList\",\"@id\":\"https:\\\/\\\/lgdomisi.com\\\/cookies-policy\\\/#breadcrumb\",\"itemListElement\":[{\"@type\":\"ListItem\",\"position\":1,\"name\":\"Home\",\"item\":\"https:\\\/\\\/lgdomisi.com\\\/\"},{\"@type\":\"ListItem\",\"position\":2,\"name\":\"Cookies Policy\"}]},{\"@type\":\"WebSite\",\"@id\":\"https:\\\/\\\/lgdomisi.com\\\/#website\",\"url\":\"https:\\\/\\\/lgdomisi.com\\\/\",\"name\":\"LGDomisis\",\"description\":\"\",\"publisher\":{\"@id\":\"https:\\\/\\\/lgdomisi.com\\\/#organization\"},\"potentialAction\":[{\"@type\":\"SearchAction\",\"target\":{\"@type\":\"EntryPoint\",\"urlTemplate\":\"https:\\\/\\\/lgdomisi.com\\\/?s={search_term_string}\"},\"query-input\":{\"@type\":\"PropertyValueSpecification\",\"valueRequired\":true,\"valueName\":\"search_term_string\"}}],\"inLanguage\":\"de\"},{\"@type\":\"Organization\",\"@id\":\"https:\\\/\\\/lgdomisi.com\\\/#organization\",\"name\":\"LGDomisis\",\"url\":\"https:\\\/\\\/lgdomisi.com\\\/\",\"logo\":{\"@type\":\"ImageObject\",\"inLanguage\":\"de\",\"@id\":\"https:\\\/\\\/lgdomisi.com\\\/#\\\/schema\\\/logo\\\/image\\\/\",\"url\":\"https:\\\/\\\/lgdomisi.com\\\/wp-content\\\/uploads\\\/2025\\\/11\\\/cropped-lg-logo.png\",\"contentUrl\":\"https:\\\/\\\/lgdomisi.com\\\/wp-content\\\/uploads\\\/2025\\\/11\\\/cropped-lg-logo.png\",\"width\":1733,\"height\":699,\"caption\":\"LGDomisis\"},\"image\":{\"@id\":\"https:\\\/\\\/lgdomisi.com\\\/#\\\/schema\\\/logo\\\/image\\\/\"}}]}<\/script>\n<!-- \/ Yoast SEO plugin. -->","yoast_head_json":{"title":"Cookie-Richtlinie - LGDomisis","robots":{"index":"noindex","follow":"follow","max-snippet":"max-snippet:-1","max-image-preview":"max-image-preview:large","max-video-preview":"max-video-preview:-1"},"og_locale":"de_DE","og_type":"article","og_title":"Cookies Policy - LGDomisis","og_description":"1. What Are Cookies Cookies are small text files stored on your device when you visit a website. They help websites function properly and improve the user experience. 2. How We Use Cookies LGDomisi uses cookies for the following purposes: Strictly Necessary Cookies Required for the operation of the website. Performance &amp; Analytics Cookies Help [&hellip;]","og_url":"https:\/\/lgdomisi.com\/de\/cookie-richtlinie\/","og_site_name":"LGDomisis","article_modified_time":"2026-02-05T07:26:35+00:00","twitter_card":"summary_large_image","twitter_misc":{"Gesch\u00e4tzte Lesezeit":"1\u00a0Minute"},"schema":{"@context":"https:\/\/schema.org","@graph":[{"@type":"WebPage","@id":"https:\/\/lgdomisi.com\/cookies-policy\/","url":"https:\/\/lgdomisi.com\/cookies-policy\/","name":"Cookie-Richtlinie - LGDomisis","isPartOf":{"@id":"https:\/\/lgdomisi.com\/#website"},"datePublished":"2026-02-05T07:25:41+00:00","dateModified":"2026-02-05T07:26:35+00:00","breadcrumb":{"@id":"https:\/\/lgdomisi.com\/cookies-policy\/#breadcrumb"},"inLanguage":"de","potentialAction":[{"@type":"ReadAction","target":["https:\/\/lgdomisi.com\/cookies-policy\/"]}]},{"@type":"BreadcrumbList","@id":"https:\/\/lgdomisi.com\/cookies-policy\/#breadcrumb","itemListElement":[{"@type":"ListItem","position":1,"name":"Home","item":"https:\/\/lgdomisi.com\/"},{"@type":"ListItem","position":2,"name":"Cookies Policy"}]},{"@type":"WebSite","@id":"https:\/\/lgdomisi.com\/#website","url":"https:\/\/lgdomisi.com\/","name":"LGDomisis","description":"","publisher":{"@id":"https:\/\/lgdomisi.com\/#organization"},"potentialAction":[{"@type":"SearchAction","target":{"@type":"EntryPoint","urlTemplate":"https:\/\/lgdomisi.com\/?s={search_term_string}"},"query-input":{"@type":"PropertyValueSpecification","valueRequired":true,"valueName":"search_term_string"}}],"inLanguage":"de"},{"@type":"Organization","@id":"https:\/\/lgdomisi.com\/#organization","name":"LGDomisis","url":"https:\/\/lgdomisi.com\/","logo":{"@type":"ImageObject","inLanguage":"de","@id":"https:\/\/lgdomisi.com\/#\/schema\/logo\/image\/","url":"https:\/\/lgdomisi.com\/wp-content\/uploads\/2025\/11\/cropped-lg-logo.png","contentUrl":"https:\/\/lgdomisi.com\/wp-content\/uploads\/2025\/11\/cropped-lg-logo.png","width":1733,"height":699,"caption":"LGDomisis"},"image":{"@id":"https:\/\/lgdomisi.com\/#\/schema\/logo\/image\/"}}]}},"_links":{"self":[{"href":"https:\/\/lgdomisi.com\/de\/wp-json\/wp\/v2\/pages\/13906","targetHints":{"allow":["GET"]}}],"collection":[{"href":"https:\/\/lgdomisi.com\/de\/wp-json\/wp\/v2\/pages"}],"about":[{"href":"https:\/\/lgdomisi.com\/de\/wp-json\/wp\/v2\/types\/page"}],"author":[{"embeddable":true,"href":"https:\/\/lgdomisi.com\/de\/wp-json\/wp\/v2\/users\/2"}],"replies":[{"embeddable":true,"href":"https:\/\/lgdomisi.com\/de\/wp-json\/wp\/v2\/comments?post=13906"}],"version-history":[{"count":3,"href":"https:\/\/lgdomisi.com\/de\/wp-json\/wp\/v2\/pages\/13906\/revisions"}],"predecessor-version":[{"id":13909,"href":"https:\/\/lgdomisi.com\/de\/wp-json\/wp\/v2\/pages\/13906\/revisions\/13909"}],"wp:attachment":[{"href":"https:\/\/lgdomisi.com\/de\/wp-json\/wp\/v2\/media?parent=13906"}],"curies":[{"name":"wp","href":"https:\/\/api.w.org\/{rel}","templated":true}]}}