{"id":3,"date":"2025-11-12T10:04:47","date_gmt":"2025-11-12T10:04:47","guid":{"rendered":"https:\/\/lgdomisi.com\/?page_id=3"},"modified":"2026-02-05T09:25:05","modified_gmt":"2026-02-05T07:25:05","slug":"datenschutzbestimmungen","status":"publish","type":"page","link":"https:\/\/lgdomisi.com\/de\/datenschutzbestimmungen\/","title":{"rendered":"Datenschutzbestimmungen"},"content":{"rendered":"<div data-elementor-type=\"wp-page\" data-elementor-id=\"3\" class=\"elementor elementor-3\" data-elementor-post-type=\"page\">\n\t\t\t\t<div class=\"elementor-element elementor-element-bd44a38 e-flex e-con-boxed e-con e-parent\" data-id=\"bd44a38\" data-element_type=\"container\" data-e-type=\"container\">\n\t\t\t\t\t<div class=\"e-con-inner\">\n\t\t\t\t\t<\/div>\n\t\t\t\t<\/div>\n\t\t<div class=\"elementor-element elementor-element-425d5e66 e-flex e-con-boxed e-con e-parent\" data-id=\"425d5e66\" data-element_type=\"container\" data-e-type=\"container\">\n\t\t\t\t\t<div class=\"e-con-inner\">\n\t\t\t\t<div class=\"elementor-element elementor-element-7db69170 elementor-widget elementor-widget-text-editor\" data-id=\"7db69170\" data-element_type=\"widget\" data-e-type=\"widget\" data-widget_type=\"text-editor.default\">\n\t\t\t\t\t\t\t\t\t\n<p class=\"p1\"><span class=\"s1\"><b>Zuletzt aktualisiert:<\/b><\/span> 5. Februar 2026<\/p>\n<h2 class=\"wp-block-heading\"><b>1. Einleitung<\/b><\/h2>\n<p class=\"p1\">LGDomisi (\u201cwir\u201d, \u201cuns\u201d, \u201cunser\u201d) verpflichtet sich zum Schutz Ihrer Privatsph\u00e4re. Diese Datenschutzrichtlinie erkl\u00e4rt, wie wir Ihre pers\u00f6nlichen Daten sammeln, verwenden, offenlegen und sch\u00fctzen, wenn Sie unsere Website besuchen <span class=\"s1\"><b>https:\/\/lgdomisi.com\/<\/b><\/span> (die \u201cWebsite\u201d).<\/p>\n<p class=\"p1\">Indem Sie auf unsere Website zugreifen oder sie nutzen, erkl\u00e4ren Sie sich mit den in dieser Datenschutzrichtlinie beschriebenen Praktiken einverstanden.<\/p>\n<h2><b>2. Informationen, die wir sammeln<\/b><\/h2>\n<p class=\"p1\">Wir k\u00f6nnen personenbezogene Daten sammeln, die Sie uns freiwillig zur Verf\u00fcgung stellen, wenn Sie:<\/p>\n<ul>\n<li>\n<p class=\"p1\">Kontaktieren Sie uns \u00fcber Kontaktformulare<\/p>\n<\/li>\n<li>\n<p class=\"p1\">Informationen oder ein Angebot anfordern<\/p>\n<\/li>\n<li>\n<p class=\"p1\">Kommunizieren Sie mit uns per E-Mail oder Telefon<\/p>\n<\/li>\n<\/ul>\n<p class=\"p1\">Diese Informationen k\u00f6nnen Folgendes umfassen:<\/p>\n<ul>\n<li>\n<p class=\"p1\">Vollst\u00e4ndiger Name<\/p>\n<\/li>\n<li>\n<p class=\"p1\">E-Mail Adresse<\/p>\n<\/li>\n<li>\n<p class=\"p1\">Rufnummer<\/p>\n<\/li>\n<li>\n<p class=\"p1\">Jede Nachricht oder Information, die Sie bereitstellen m\u00f6chten<\/p>\n<\/li>\n<\/ul>\n<p class=\"p1\">Au\u00dferdem k\u00f6nnen wir automatisch bestimmte technische Informationen erfassen, wenn Sie die Website besuchen, wie z. B.:<\/p>\n<ul>\n<li>\n<p class=\"p1\">IP-Adresse<\/p>\n<\/li>\n<li>\n<p class=\"p1\">Browser-Typ und Ger\u00e4teinformationen<\/p>\n<\/li>\n<li>\n<p class=\"p1\">Besuchte Seiten und Verweildauer auf der Website<\/p>\n<\/li>\n<li>\n<p class=\"p1\">Cookies und Nutzungsdaten<\/p>\n<\/li>\n<\/ul>\n<h2><b>3. Wie wir Ihre Informationen verwenden<\/b><\/h2>\n<p class=\"p1\">Wir verwenden Ihre Informationen, um:<\/p>\n<ul>\n<li>\n<p class=\"p1\">Beantwortung von Anfragen und Kommunikation mit Ihnen<\/p>\n<\/li>\n<li>\n<p class=\"p1\">Erbringung und Verbesserung unserer Baudienstleistungen<\/p>\n<\/li>\n<li>\n<p class=\"p1\">Verbesserung der Website-Leistung und der Benutzerfreundlichkeit<\/p>\n<\/li>\n<li>\n<p class=\"p1\">die Sicherheit und das ordnungsgem\u00e4\u00dfe Funktionieren der Website zu gew\u00e4hrleisten<\/p>\n<\/li>\n<\/ul>\n<p class=\"p1\">Wir tun <span class=\"s1\"><b>nicht<\/b><\/span> Ihre personenbezogenen Daten an Dritte zu verkaufen oder zu vermieten.<\/p>\n<h2><b>4. Offenlegung Ihrer Informationen<\/b><\/h2>\n<p class=\"p1\">Ihre Daten d\u00fcrfen nur weitergegeben werden an:<\/p>\n<ul>\n<li>\n<p class=\"p1\">Vertrauensw\u00fcrdige Diensteanbieter (z. B. Hosting oder technische Unterst\u00fctzung)<\/p>\n<\/li>\n<li>\n<p class=\"p1\">Rechtliche Beh\u00f6rden, wenn dies gesetzlich vorgeschrieben ist<\/p>\n<\/li>\n<\/ul>\n<p class=\"p1\">Wir geben nur das f\u00fcr den jeweiligen Zweck erforderliche Minimum an Daten weiter.<\/p>\n<h2><b>5. Ihre Datenschutzrechte<\/b><\/h2>\n<p class=\"p1\">In \u00dcbereinstimmung mit den geltenden Datenschutzgesetzen (einschlie\u00dflich GDPR) haben Sie das Recht auf:<\/p>\n<ul>\n<li>\n<p class=\"p1\">Zugang zu Ihren pers\u00f6nlichen Daten<\/p>\n<\/li>\n<li>\n<p class=\"p1\">Antrag auf Berichtigung oder L\u00f6schung Ihrer Daten<\/p>\n<\/li>\n<li>\n<p class=\"p1\">der Verarbeitung Ihrer Daten zu widersprechen oder sie einzuschr\u00e4nken<\/p>\n<\/li>\n<\/ul>\n<p class=\"p1\">Um diese Rechte auszu\u00fcben, kontaktieren Sie uns bitte unter den unten angegebenen Kontaktdaten.<\/p>\n<h2><b>6. Datensicherheit<\/b><\/h2>\n<p class=\"p1\">Wir setzen geeignete technische und organisatorische Ma\u00dfnahmen ein, um Ihre personenbezogenen Daten vor unbefugtem Zugriff, Verlust oder Missbrauch zu sch\u00fctzen.<\/p>\n<h2><b>7. \u00c4nderungen an dieser Politik<\/b><\/h2>\n<p class=\"p1\">Wir k\u00f6nnen diese Datenschutzrichtlinie von Zeit zu Zeit aktualisieren. Alle \u00c4nderungen werden auf dieser Seite mit einem aktualisierten \u00c4nderungsdatum ver\u00f6ffentlicht.<\/p>\n<h2><b>8. Kontaktinformationen<\/b><\/h2>\n<p class=\"p1\">Wenn Sie Fragen zu dieser Datenschutzerkl\u00e4rung oder zu Ihren pers\u00f6nlichen Daten haben, wenden Sie sich bitte an uns:<\/p>\n<p class=\"p4\"><b>Rufen Sie uns an:<\/b><b><\/b><\/p>\n<p class=\"p1\">(+30) 213-0386-031<\/p>\n<p class=\"p1\">(+30) 213-038-6029<\/p>\n<p class=\"p4\"><b>E-Mail an uns:<\/b><b><\/b><\/p>\n<p class=\"p1\">info@lgdomisi.com<\/p>\n<p class=\"p4\"><b>Adresse des Unternehmens:<\/b><b><\/b><\/p>\n<p class=\"p1\">Kallipoleos 36, Athina 104 44, Griechenland<\/p>\t\t\t\t\t\t\t\t<\/div>\n\t\t\t\t\t<\/div>\n\t\t\t\t<\/div>\n\t\t\t\t<\/div>","protected":false},"excerpt":{"rendered":"<p>Last updated: 5 February 2026 1. Introduction LGDomisi (\u201cwe\u201d, \u201cus\u201d, \u201cour\u201d) is committed to protecting your privacy. This Privacy Policy explains how we collect, use, disclose, and safeguard your personal information when you visit our website https:\/\/lgdomisi.com\/ (the \u201cSite\u201d). By accessing or using our Site, you agree to the practices described in this Privacy Policy. [&hellip;]<\/p>","protected":false},"author":1,"featured_media":0,"parent":0,"menu_order":0,"comment_status":"closed","ping_status":"open","template":"elementor_header_footer","meta":{"_acf_changed":false,"footnotes":""},"class_list":["post-3","page","type-page","status-publish","hentry"],"acf":[],"yoast_head":"<!-- This site is optimized with the Yoast SEO plugin v27.5 - https:\/\/yoast.com\/product\/yoast-seo-wordpress\/ -->\n<title>Privacy Policy - LGDomisis<\/title>\n<meta name=\"robots\" content=\"noindex, follow, max-snippet:-1, max-image-preview:large, max-video-preview:-1\" \/>\n<meta property=\"og:locale\" content=\"de_DE\" \/>\n<meta property=\"og:type\" content=\"article\" \/>\n<meta property=\"og:title\" content=\"Privacy Policy - LGDomisis\" \/>\n<meta property=\"og:description\" content=\"Last updated: 5 February 2026 1. Introduction LGDomisi (\u201cwe\u201d, \u201cus\u201d, \u201cour\u201d) is committed to protecting your privacy. This Privacy Policy explains how we collect, use, disclose, and safeguard your personal information when you visit our website https:\/\/lgdomisi.com\/ (the \u201cSite\u201d). By accessing or using our Site, you agree to the practices described in this Privacy Policy. [&hellip;]\" \/>\n<meta property=\"og:url\" content=\"https:\/\/lgdomisi.com\/de\/datenschutzbestimmungen\/\" \/>\n<meta property=\"og:site_name\" content=\"LGDomisis\" \/>\n<meta property=\"article:modified_time\" content=\"2026-02-05T07:25:05+00:00\" \/>\n<meta name=\"twitter:card\" content=\"summary_large_image\" \/>\n<meta name=\"twitter:label1\" content=\"Gesch\u00e4tzte Lesezeit\" \/>\n\t<meta name=\"twitter:data1\" content=\"2\u00a0Minuten\" \/>\n<script type=\"application\/ld+json\" class=\"yoast-schema-graph\">{\"@context\":\"https:\\\/\\\/schema.org\",\"@graph\":[{\"@type\":\"WebPage\",\"@id\":\"https:\\\/\\\/lgdomisi.com\\\/privacy-policy\\\/\",\"url\":\"https:\\\/\\\/lgdomisi.com\\\/privacy-policy\\\/\",\"name\":\"Privacy Policy - LGDomisis\",\"isPartOf\":{\"@id\":\"https:\\\/\\\/lgdomisi.com\\\/#website\"},\"datePublished\":\"2025-11-12T10:04:47+00:00\",\"dateModified\":\"2026-02-05T07:25:05+00:00\",\"breadcrumb\":{\"@id\":\"https:\\\/\\\/lgdomisi.com\\\/privacy-policy\\\/#breadcrumb\"},\"inLanguage\":\"de\",\"potentialAction\":[{\"@type\":\"ReadAction\",\"target\":[\"https:\\\/\\\/lgdomisi.com\\\/privacy-policy\\\/\"]}]},{\"@type\":\"BreadcrumbList\",\"@id\":\"https:\\\/\\\/lgdomisi.com\\\/privacy-policy\\\/#breadcrumb\",\"itemListElement\":[{\"@type\":\"ListItem\",\"position\":1,\"name\":\"Home\",\"item\":\"https:\\\/\\\/lgdomisi.com\\\/\"},{\"@type\":\"ListItem\",\"position\":2,\"name\":\"Privacy Policy\"}]},{\"@type\":\"WebSite\",\"@id\":\"https:\\\/\\\/lgdomisi.com\\\/#website\",\"url\":\"https:\\\/\\\/lgdomisi.com\\\/\",\"name\":\"LGDomisis\",\"description\":\"\",\"publisher\":{\"@id\":\"https:\\\/\\\/lgdomisi.com\\\/#organization\"},\"potentialAction\":[{\"@type\":\"SearchAction\",\"target\":{\"@type\":\"EntryPoint\",\"urlTemplate\":\"https:\\\/\\\/lgdomisi.com\\\/?s={search_term_string}\"},\"query-input\":{\"@type\":\"PropertyValueSpecification\",\"valueRequired\":true,\"valueName\":\"search_term_string\"}}],\"inLanguage\":\"de\"},{\"@type\":\"Organization\",\"@id\":\"https:\\\/\\\/lgdomisi.com\\\/#organization\",\"name\":\"LGDomisis\",\"url\":\"https:\\\/\\\/lgdomisi.com\\\/\",\"logo\":{\"@type\":\"ImageObject\",\"inLanguage\":\"de\",\"@id\":\"https:\\\/\\\/lgdomisi.com\\\/#\\\/schema\\\/logo\\\/image\\\/\",\"url\":\"https:\\\/\\\/lgdomisi.com\\\/wp-content\\\/uploads\\\/2025\\\/11\\\/cropped-lg-logo.png\",\"contentUrl\":\"https:\\\/\\\/lgdomisi.com\\\/wp-content\\\/uploads\\\/2025\\\/11\\\/cropped-lg-logo.png\",\"width\":1733,\"height\":699,\"caption\":\"LGDomisis\"},\"image\":{\"@id\":\"https:\\\/\\\/lgdomisi.com\\\/#\\\/schema\\\/logo\\\/image\\\/\"}}]}<\/script>\n<!-- \/ Yoast SEO plugin. -->","yoast_head_json":{"title":"Datenschutzrichtlinie - LGDomisis","robots":{"index":"noindex","follow":"follow","max-snippet":"max-snippet:-1","max-image-preview":"max-image-preview:large","max-video-preview":"max-video-preview:-1"},"og_locale":"de_DE","og_type":"article","og_title":"Privacy Policy - LGDomisis","og_description":"Last updated: 5 February 2026 1. Introduction LGDomisi (\u201cwe\u201d, \u201cus\u201d, \u201cour\u201d) is committed to protecting your privacy. This Privacy Policy explains how we collect, use, disclose, and safeguard your personal information when you visit our website https:\/\/lgdomisi.com\/ (the \u201cSite\u201d). By accessing or using our Site, you agree to the practices described in this Privacy Policy. [&hellip;]","og_url":"https:\/\/lgdomisi.com\/de\/datenschutzbestimmungen\/","og_site_name":"LGDomisis","article_modified_time":"2026-02-05T07:25:05+00:00","twitter_card":"summary_large_image","twitter_misc":{"Gesch\u00e4tzte Lesezeit":"2\u00a0Minuten"},"schema":{"@context":"https:\/\/schema.org","@graph":[{"@type":"WebPage","@id":"https:\/\/lgdomisi.com\/privacy-policy\/","url":"https:\/\/lgdomisi.com\/privacy-policy\/","name":"Datenschutzrichtlinie - LGDomisis","isPartOf":{"@id":"https:\/\/lgdomisi.com\/#website"},"datePublished":"2025-11-12T10:04:47+00:00","dateModified":"2026-02-05T07:25:05+00:00","breadcrumb":{"@id":"https:\/\/lgdomisi.com\/privacy-policy\/#breadcrumb"},"inLanguage":"de","potentialAction":[{"@type":"ReadAction","target":["https:\/\/lgdomisi.com\/privacy-policy\/"]}]},{"@type":"BreadcrumbList","@id":"https:\/\/lgdomisi.com\/privacy-policy\/#breadcrumb","itemListElement":[{"@type":"ListItem","position":1,"name":"Home","item":"https:\/\/lgdomisi.com\/"},{"@type":"ListItem","position":2,"name":"Privacy Policy"}]},{"@type":"WebSite","@id":"https:\/\/lgdomisi.com\/#website","url":"https:\/\/lgdomisi.com\/","name":"LGDomisis","description":"","publisher":{"@id":"https:\/\/lgdomisi.com\/#organization"},"potentialAction":[{"@type":"SearchAction","target":{"@type":"EntryPoint","urlTemplate":"https:\/\/lgdomisi.com\/?s={search_term_string}"},"query-input":{"@type":"PropertyValueSpecification","valueRequired":true,"valueName":"search_term_string"}}],"inLanguage":"de"},{"@type":"Organization","@id":"https:\/\/lgdomisi.com\/#organization","name":"LGDomisis","url":"https:\/\/lgdomisi.com\/","logo":{"@type":"ImageObject","inLanguage":"de","@id":"https:\/\/lgdomisi.com\/#\/schema\/logo\/image\/","url":"https:\/\/lgdomisi.com\/wp-content\/uploads\/2025\/11\/cropped-lg-logo.png","contentUrl":"https:\/\/lgdomisi.com\/wp-content\/uploads\/2025\/11\/cropped-lg-logo.png","width":1733,"height":699,"caption":"LGDomisis"},"image":{"@id":"https:\/\/lgdomisi.com\/#\/schema\/logo\/image\/"}}]}},"_links":{"self":[{"href":"https:\/\/lgdomisi.com\/de\/wp-json\/wp\/v2\/pages\/3","targetHints":{"allow":["GET"]}}],"collection":[{"href":"https:\/\/lgdomisi.com\/de\/wp-json\/wp\/v2\/pages"}],"about":[{"href":"https:\/\/lgdomisi.com\/de\/wp-json\/wp\/v2\/types\/page"}],"author":[{"embeddable":true,"href":"https:\/\/lgdomisi.com\/de\/wp-json\/wp\/v2\/users\/1"}],"replies":[{"embeddable":true,"href":"https:\/\/lgdomisi.com\/de\/wp-json\/wp\/v2\/comments?post=3"}],"version-history":[{"count":3,"href":"https:\/\/lgdomisi.com\/de\/wp-json\/wp\/v2\/pages\/3\/revisions"}],"predecessor-version":[{"id":13905,"href":"https:\/\/lgdomisi.com\/de\/wp-json\/wp\/v2\/pages\/3\/revisions\/13905"}],"wp:attachment":[{"href":"https:\/\/lgdomisi.com\/de\/wp-json\/wp\/v2\/media?parent=3"}],"curies":[{"name":"wp","href":"https:\/\/api.w.org\/{rel}","templated":true}]}}