{"id":3650,"date":"2021-12-16T14:31:26","date_gmt":"2021-12-16T14:31:26","guid":{"rendered":"https:\/\/toexi.bikebuzzbd.com\/?page_id=370"},"modified":"2026-02-02T11:19:44","modified_gmt":"2026-02-02T09:19:44","slug":"unsere-dienstleistungen","status":"publish","type":"page","link":"https:\/\/lgdomisi.com\/de\/unsere-dienstleistungen\/","title":{"rendered":"Dienstleistungen"},"content":{"rendered":"<div data-elementor-type=\"wp-page\" data-elementor-id=\"3650\" class=\"elementor elementor-3650\" data-elementor-post-type=\"page\">\n\t\t\t\t<div class=\"elementor-element elementor-element-15b8f38 e-flex e-con-boxed e-con e-parent\" data-id=\"15b8f38\" data-element_type=\"container\" data-e-type=\"container\">\n\t\t\t\t\t<div class=\"e-con-inner\">\n\t\t<div class=\"elementor-element elementor-element-b89e028 e-con-full e-flex e-con e-child\" data-id=\"b89e028\" data-element_type=\"container\" data-e-type=\"container\">\n\t\t\t\t<div class=\"elementor-element elementor-element-14ceb6f elementor-widget elementor-widget-toexi-title\" data-id=\"14ceb6f\" data-element_type=\"widget\" data-e-type=\"widget\" data-widget_type=\"toexi-title.default\">\n\t\t\t\t<div class=\"elementor-widget-container\">\n\t\t\t\t\t\t\t<div class=\"title-boxs\">\r\n\t\t\t<div class=\"title-box\">\r\n\t\t\t\t\t\t\t\t<span class=\"small-title\">Unsere Dienstleistungen<\/span>\r\n\t\t\t\t\t\t\t\t\t\t\t\t\t<h2 class=\"title-hadding\"><span><p>Wir arbeiten kreativ.<\/p>\n<\/span><\/h2>\r\n\t\t\t\t\t\t\t\t\t\t\t<\/div>\r\n\t\t<\/div>\r\n\t\t\t\t\t\t<\/div>\n\t\t\t\t<\/div>\n\t\t\t\t<div class=\"elementor-element elementor-element-4b40a5e elementor-widget__width-initial elementor-widget elementor-widget-text-editor\" data-id=\"4b40a5e\" data-element_type=\"widget\" data-e-type=\"widget\" data-widget_type=\"text-editor.default\">\n\t\t\t\t\t\t\t\t\t<p>Wir liefern komplette Bau- und Ausstattungsleistungen f\u00fcr erstklassige Gastgewerbeprojekte, von gro\u00dfen Resorts bis hin zu Boutique-Hotels. Unsere Arbeit umfasst die komplette bauliche Ausf\u00fchrung, den Innenausbau, technische Installationen und die Koordination komplexer Geb\u00e4udesysteme. Wir unterst\u00fctzen internationale Marken und anspruchsvolle Umgebungen mit zuverl\u00e4ssigen Zeitpl\u00e4nen und erstklassiger Ausf\u00fchrung.<\/p>\t\t\t\t\t\t\t\t<\/div>\n\t\t\t\t<\/div>\n\t\t\t\t\t<\/div>\n\t\t\t\t<\/div>\n\t\t<div class=\"elementor-element elementor-element-ebac936 e-grid e-con-boxed e-con e-parent\" data-id=\"ebac936\" data-element_type=\"container\" data-e-type=\"container\">\n\t\t\t\t\t<div class=\"e-con-inner\">\n\t\t<div class=\"elementor-element elementor-element-61a50df e-con-full e-flex e-con e-child\" data-id=\"61a50df\" data-element_type=\"container\" data-e-type=\"container\" data-settings=\"{&quot;background_background&quot;:&quot;classic&quot;}\">\n\t\t\t\t<div class=\"elementor-element elementor-element-64bd9c8 elementor-widget elementor-widget-heading\" data-id=\"64bd9c8\" data-element_type=\"widget\" data-e-type=\"widget\" data-widget_type=\"heading.default\">\n\t\t\t\t\t<h2 class=\"elementor-heading-title elementor-size-default\">Bau und Ausstattung von Gastst\u00e4tten<\/h2>\t\t\t\t<\/div>\n\t\t\t\t<div class=\"elementor-element elementor-element-b556638 elementor-widget elementor-widget-text-editor\" data-id=\"b556638\" data-element_type=\"widget\" data-e-type=\"widget\" data-widget_type=\"text-editor.default\">\n\t\t\t\t\t\t\t\t\t<p>Wir liefern komplette Bau- und Ausstattungsleistungen f\u00fcr erstklassige Gastgewerbeprojekte, von gro\u00dfen Resorts bis hin zu Boutique-Hotels. Unsere Arbeit umfasst die komplette bauliche Ausf\u00fchrung, den Innenausbau, technische Installationen und die Koordination komplexer Geb\u00e4udesysteme. Wir unterst\u00fctzen internationale Marken und anspruchsvolle Umgebungen mit zuverl\u00e4ssigen Zeitpl\u00e4nen und erstklassiger Ausf\u00fchrung.<\/p>\t\t\t\t\t\t\t\t<\/div>\n\t\t\t\t<div class=\"elementor-element elementor-element-21372f6 elementor-align-center elementor-widget elementor-widget-button\" data-id=\"21372f6\" data-element_type=\"widget\" data-e-type=\"widget\" data-widget_type=\"button.default\">\n\t\t\t\t\t\t\t\t\t\t<a class=\"elementor-button elementor-button-link elementor-size-sm\" href=\"\/de\/hospitality-construction-fit-out\/\">\n\t\t\t\t\t\t<span class=\"elementor-button-content-wrapper\">\n\t\t\t\t\t\t\t\t\t<span class=\"elementor-button-text\">Mehr lesen<\/span>\n\t\t\t\t\t<\/span>\n\t\t\t\t\t<\/a>\n\t\t\t\t\t\t\t\t<\/div>\n\t\t\t\t<\/div>\n\t\t<div class=\"elementor-element elementor-element-1cbca76 e-con-full e-flex e-con e-child\" data-id=\"1cbca76\" data-element_type=\"container\" data-e-type=\"container\" data-settings=\"{&quot;background_background&quot;:&quot;classic&quot;}\">\n\t\t\t\t<div class=\"elementor-element elementor-element-2ece16b elementor-widget elementor-widget-heading\" data-id=\"2ece16b\" data-element_type=\"widget\" data-e-type=\"widget\" data-widget_type=\"heading.default\">\n\t\t\t\t\t<h2 class=\"elementor-heading-title elementor-size-default\">B\u00fcrogeb\u00e4ude und Unternehmenszentralen<\/h2>\t\t\t\t<\/div>\n\t\t\t\t<div class=\"elementor-element elementor-element-f8c7032 elementor-widget elementor-widget-text-editor\" data-id=\"f8c7032\" data-element_type=\"widget\" data-e-type=\"widget\" data-widget_type=\"text-editor.default\">\n\t\t\t\t\t\t\t\t\t<p><span style=\"font-weight: 400;\">Wir bauen und liefern moderne B\u00fcrogeb\u00e4ude und leistungsf\u00e4hige Arbeitspl\u00e4tze f\u00fcr Gro\u00dfunternehmen. Unsere Dienstleistungen umfassen Rohbau, vollst\u00e4ndige Geb\u00e4udetechnikintegration, Innenausbau und technische Modernisierungen, die strenge operativos- und Nachhaltigkeitsanforderungen erf\u00fcllen. Wir unterst\u00fctzen Unternehmen sowohl bei Neubauten als auch bei gr\u00f6\u00dferen Sanierungen.<\/span><\/p>\t\t\t\t\t\t\t\t<\/div>\n\t\t\t\t<div class=\"elementor-element elementor-element-fb5c81b elementor-align-center elementor-widget elementor-widget-button\" data-id=\"fb5c81b\" data-element_type=\"widget\" data-e-type=\"widget\" data-widget_type=\"button.default\">\n\t\t\t\t\t\t\t\t\t\t<a class=\"elementor-button elementor-button-link elementor-size-sm\" href=\"\/de\/burogebaude-unternehmenszentralen\/\">\n\t\t\t\t\t\t<span class=\"elementor-button-content-wrapper\">\n\t\t\t\t\t\t\t\t\t<span class=\"elementor-button-text\">Mehr lesen<\/span>\n\t\t\t\t\t<\/span>\n\t\t\t\t\t<\/a>\n\t\t\t\t\t\t\t\t<\/div>\n\t\t\t\t<\/div>\n\t\t<div class=\"elementor-element elementor-element-beaf5c5 e-con-full e-flex e-con e-child\" data-id=\"beaf5c5\" data-element_type=\"container\" data-e-type=\"container\" data-settings=\"{&quot;background_background&quot;:&quot;classic&quot;}\">\n\t\t\t\t<div class=\"elementor-element elementor-element-e797594 elementor-widget elementor-widget-heading\" data-id=\"e797594\" data-element_type=\"widget\" data-e-type=\"widget\" data-widget_type=\"heading.default\">\n\t\t\t\t\t<h2 class=\"elementor-heading-title elementor-size-default\">Krankenh\u00e4user, Schulen und \u00f6ffentliche Geb\u00e4ude<\/h2>\t\t\t\t<\/div>\n\t\t\t\t<div class=\"elementor-element elementor-element-6333b36 elementor-widget elementor-widget-text-editor\" data-id=\"6333b36\" data-element_type=\"widget\" data-e-type=\"widget\" data-widget_type=\"text-editor.default\">\n\t\t\t\t\t\t\t\t\t<p><span style=\"font-weight: 400;\">Wir \u00fcbernehmen anspruchsvolle \u00f6ffentliche und institutionelle Projekte mit hohen technischen und regulatorischen Anforderungen. Unser Team realisiert Krankenh\u00e4user, Bildungseinrichtungen und Kulturinstitutionen unter vollst\u00e4ndiger Einhaltung von Sicherheits-, medizinischen, strukturellen und betrieblichen Standards.<\/span><\/p>\t\t\t\t\t\t\t\t<\/div>\n\t\t\t\t<div class=\"elementor-element elementor-element-9f7b6a4 elementor-align-center elementor-widget elementor-widget-button\" data-id=\"9f7b6a4\" data-element_type=\"widget\" data-e-type=\"widget\" data-widget_type=\"button.default\">\n\t\t\t\t\t\t\t\t\t\t<a class=\"elementor-button elementor-button-link elementor-size-sm\" href=\"\/de\/hospitals-schools-public-buildings\/\">\n\t\t\t\t\t\t<span class=\"elementor-button-content-wrapper\">\n\t\t\t\t\t\t\t\t\t<span class=\"elementor-button-text\">Mehr lesen<\/span>\n\t\t\t\t\t<\/span>\n\t\t\t\t\t<\/a>\n\t\t\t\t\t\t\t\t<\/div>\n\t\t\t\t<\/div>\n\t\t<div class=\"elementor-element elementor-element-42882a1 e-con-full e-flex e-con e-child\" data-id=\"42882a1\" data-element_type=\"container\" data-e-type=\"container\" data-settings=\"{&quot;background_background&quot;:&quot;classic&quot;}\">\n\t\t\t\t<div class=\"elementor-element elementor-element-bda4444 elementor-widget elementor-widget-heading\" data-id=\"bda4444\" data-element_type=\"widget\" data-e-type=\"widget\" data-widget_type=\"heading.default\">\n\t\t\t\t\t<h2 class=\"elementor-heading-title elementor-size-default\">Flugh\u00e4fen und kritische Infrastrukturen<\/h2>\t\t\t\t<\/div>\n\t\t\t\t<div class=\"elementor-element elementor-element-a76747a elementor-widget elementor-widget-text-editor\" data-id=\"a76747a\" data-element_type=\"widget\" data-e-type=\"widget\" data-widget_type=\"text-editor.default\">\n\t\t\t\t\t\t\t\t\t<p><span style=\"font-weight: 400;\">Wir f\u00fchren komplexe Flughafenneubau- und Umbauprojekte durch, einschlie\u00dflich Terminalmodernisierungen, Rohbauarbeiten, elektromechanischen Systemen und Flugbetriebsfl\u00e4chen. Unsere Erfahrung gew\u00e4hrleistet operative Kontinuit\u00e4t, strenge Sicherheitskonformit\u00e4t und effiziente Auslieferung in Hochsicherheitsbereichen.<\/span><\/p>\t\t\t\t\t\t\t\t<\/div>\n\t\t\t\t<div class=\"elementor-element elementor-element-d2602db elementor-align-center elementor-widget elementor-widget-button\" data-id=\"d2602db\" data-element_type=\"widget\" data-e-type=\"widget\" data-widget_type=\"button.default\">\n\t\t\t\t\t\t\t\t\t\t<a class=\"elementor-button elementor-button-link elementor-size-sm\" href=\"\/de\/flughafen-kritische-infrastruktur\/\">\n\t\t\t\t\t\t<span class=\"elementor-button-content-wrapper\">\n\t\t\t\t\t\t\t\t\t<span class=\"elementor-button-text\">Mehr lesen<\/span>\n\t\t\t\t\t<\/span>\n\t\t\t\t\t<\/a>\n\t\t\t\t\t\t\t\t<\/div>\n\t\t\t\t<\/div>\n\t\t<div class=\"elementor-element elementor-element-a75ed5c e-con-full e-flex e-con e-child\" data-id=\"a75ed5c\" data-element_type=\"container\" data-e-type=\"container\" data-settings=\"{&quot;background_background&quot;:&quot;classic&quot;}\">\n\t\t\t\t<div class=\"elementor-element elementor-element-9552242 elementor-widget elementor-widget-heading\" data-id=\"9552242\" data-element_type=\"widget\" data-e-type=\"widget\" data-widget_type=\"heading.default\">\n\t\t\t\t\t<h2 class=\"elementor-heading-title elementor-size-default\">Einzelhandel und Gewerbebau<\/h2>\t\t\t\t<\/div>\n\t\t\t\t<div class=\"elementor-element elementor-element-44a852a elementor-widget elementor-widget-text-editor\" data-id=\"44a852a\" data-element_type=\"widget\" data-e-type=\"widget\" data-widget_type=\"text-editor.default\">\n\t\t\t\t\t\t\t\t\t<p><span style=\"font-weight: 400;\">Wir bauen Einzelhandelsgesch\u00e4fte, Superm\u00e4rkte und gro\u00dfe Einkaufszentren mit kompletten Bau- und Innenausbaul\u00f6sungen. Unsere Dienstleistungen umfassen Rohbauarbeiten, Fassadenbau, mechanische\/elektrische Systeme und schl\u00fcsselfertige Innenausbauten f\u00fcr stark frequentierte Gewerbeumgebungen.<\/span><\/p>\t\t\t\t\t\t\t\t<\/div>\n\t\t\t\t<div class=\"elementor-element elementor-element-bde6ea6 elementor-align-center elementor-widget elementor-widget-button\" data-id=\"bde6ea6\" data-element_type=\"widget\" data-e-type=\"widget\" data-widget_type=\"button.default\">\n\t\t\t\t\t\t\t\t\t\t<a class=\"elementor-button elementor-button-link elementor-size-sm\" href=\"\/de\/retail-commercial-construction\/\">\n\t\t\t\t\t\t<span class=\"elementor-button-content-wrapper\">\n\t\t\t\t\t\t\t\t\t<span class=\"elementor-button-text\">Mehr lesen<\/span>\n\t\t\t\t\t<\/span>\n\t\t\t\t\t<\/a>\n\t\t\t\t\t\t\t\t<\/div>\n\t\t\t\t<\/div>\n\t\t<div class=\"elementor-element elementor-element-806b228 e-con-full e-flex e-con e-child\" data-id=\"806b228\" data-element_type=\"container\" data-e-type=\"container\" data-settings=\"{&quot;background_background&quot;:&quot;classic&quot;}\">\n\t\t\t\t<div class=\"elementor-element elementor-element-7d5a1fe elementor-widget elementor-widget-heading\" data-id=\"7d5a1fe\" data-element_type=\"widget\" data-e-type=\"widget\" data-widget_type=\"heading.default\">\n\t\t\t\t\t<h2 class=\"elementor-heading-title elementor-size-default\">Wohnungsbau und gehobener Wohnungsbau<\/h2>\t\t\t\t<\/div>\n\t\t\t\t<div class=\"elementor-element elementor-element-ea7c221 elementor-widget elementor-widget-text-editor\" data-id=\"ea7c221\" data-element_type=\"widget\" data-e-type=\"widget\" data-widget_type=\"text-editor.default\">\n\t\t\t\t\t\t\t\t\t<p><span style=\"font-weight: 400;\">Wir liefern erstklassige Wohngeb\u00e4ude, Einfamilienh\u00e4user und architektonisch herausragende st\u00e4dtische Entwicklungen. Unsere Dienstleistungen umfassen den kompletten Rohbau, den Innenausbau und hochwertige Oberfl\u00e4chen, die auf die architektonischen Anforderungen zugeschnitten sind.<\/span><\/p>\t\t\t\t\t\t\t\t<\/div>\n\t\t\t\t<div class=\"elementor-element elementor-element-d1fa8d1 elementor-align-center elementor-widget elementor-widget-button\" data-id=\"d1fa8d1\" data-element_type=\"widget\" data-e-type=\"widget\" data-widget_type=\"button.default\">\n\t\t\t\t\t\t\t\t\t\t<a class=\"elementor-button elementor-button-link elementor-size-sm\" href=\"\/de\/residential-construction-high-end-housing\/\">\n\t\t\t\t\t\t<span class=\"elementor-button-content-wrapper\">\n\t\t\t\t\t\t\t\t\t<span class=\"elementor-button-text\">Mehr lesen<\/span>\n\t\t\t\t\t<\/span>\n\t\t\t\t\t<\/a>\n\t\t\t\t\t\t\t\t<\/div>\n\t\t\t\t<\/div>\n\t\t\t\t\t<\/div>\n\t\t\t\t<\/div>\n\t\t\t\t<\/div>","protected":false},"excerpt":{"rendered":"<p>Our Services We work creatively. We deliver complete construction and fit-out services for premium hospitality projects, from large-scale resorts to boutique hotels. Our work includes full structural execution, interior construction, technical installations, and the coordination of complex building systems. We support international brands and high-demand environments with reliable timelines and top-tier workmanship. Hospitality Construction &amp; [&hellip;]<\/p>","protected":false},"author":2,"featured_media":0,"parent":0,"menu_order":0,"comment_status":"closed","ping_status":"closed","template":"blank-template.php","meta":{"_acf_changed":false,"footnotes":""},"class_list":["post-3650","page","type-page","status-publish","hentry"],"acf":[],"yoast_head":"<!-- This site is optimized with the Yoast SEO plugin v27.5 - https:\/\/yoast.com\/product\/yoast-seo-wordpress\/ -->\n<title>Services - LGDomisis<\/title>\n<meta name=\"robots\" content=\"noindex, follow, max-snippet:-1, max-image-preview:large, max-video-preview:-1\" \/>\n<meta property=\"og:locale\" content=\"de_DE\" \/>\n<meta property=\"og:type\" content=\"article\" \/>\n<meta property=\"og:title\" content=\"Services - LGDomisis\" \/>\n<meta property=\"og:description\" content=\"Our Services We work creatively. We deliver complete construction and fit-out services for premium hospitality projects, from large-scale resorts to boutique hotels. Our work includes full structural execution, interior construction, technical installations, and the coordination of complex building systems. We support international brands and high-demand environments with reliable timelines and top-tier workmanship. Hospitality Construction &amp; [&hellip;]\" \/>\n<meta property=\"og:url\" content=\"https:\/\/lgdomisi.com\/de\/unsere-dienstleistungen\/\" \/>\n<meta property=\"og:site_name\" content=\"LGDomisis\" \/>\n<meta property=\"article:modified_time\" content=\"2026-02-02T09:19:44+00:00\" \/>\n<meta name=\"twitter:card\" content=\"summary_large_image\" \/>\n<meta name=\"twitter:label1\" content=\"Gesch\u00e4tzte Lesezeit\" \/>\n\t<meta name=\"twitter:data1\" content=\"1\u00a0Minute\" \/>\n<script type=\"application\/ld+json\" class=\"yoast-schema-graph\">{\"@context\":\"https:\\\/\\\/schema.org\",\"@graph\":[{\"@type\":\"WebPage\",\"@id\":\"https:\\\/\\\/lgdomisi.com\\\/our-services\\\/\",\"url\":\"https:\\\/\\\/lgdomisi.com\\\/our-services\\\/\",\"name\":\"Services - LGDomisis\",\"isPartOf\":{\"@id\":\"https:\\\/\\\/lgdomisi.com\\\/#website\"},\"datePublished\":\"2021-12-16T14:31:26+00:00\",\"dateModified\":\"2026-02-02T09:19:44+00:00\",\"breadcrumb\":{\"@id\":\"https:\\\/\\\/lgdomisi.com\\\/our-services\\\/#breadcrumb\"},\"inLanguage\":\"de\",\"potentialAction\":[{\"@type\":\"ReadAction\",\"target\":[\"https:\\\/\\\/lgdomisi.com\\\/our-services\\\/\"]}]},{\"@type\":\"BreadcrumbList\",\"@id\":\"https:\\\/\\\/lgdomisi.com\\\/our-services\\\/#breadcrumb\",\"itemListElement\":[{\"@type\":\"ListItem\",\"position\":1,\"name\":\"Home\",\"item\":\"https:\\\/\\\/lgdomisi.com\\\/\"},{\"@type\":\"ListItem\",\"position\":2,\"name\":\"Services\"}]},{\"@type\":\"WebSite\",\"@id\":\"https:\\\/\\\/lgdomisi.com\\\/#website\",\"url\":\"https:\\\/\\\/lgdomisi.com\\\/\",\"name\":\"LGDomisis\",\"description\":\"\",\"publisher\":{\"@id\":\"https:\\\/\\\/lgdomisi.com\\\/#organization\"},\"potentialAction\":[{\"@type\":\"SearchAction\",\"target\":{\"@type\":\"EntryPoint\",\"urlTemplate\":\"https:\\\/\\\/lgdomisi.com\\\/?s={search_term_string}\"},\"query-input\":{\"@type\":\"PropertyValueSpecification\",\"valueRequired\":true,\"valueName\":\"search_term_string\"}}],\"inLanguage\":\"de\"},{\"@type\":\"Organization\",\"@id\":\"https:\\\/\\\/lgdomisi.com\\\/#organization\",\"name\":\"LGDomisis\",\"url\":\"https:\\\/\\\/lgdomisi.com\\\/\",\"logo\":{\"@type\":\"ImageObject\",\"inLanguage\":\"de\",\"@id\":\"https:\\\/\\\/lgdomisi.com\\\/#\\\/schema\\\/logo\\\/image\\\/\",\"url\":\"https:\\\/\\\/lgdomisi.com\\\/wp-content\\\/uploads\\\/2025\\\/11\\\/cropped-lg-logo.png\",\"contentUrl\":\"https:\\\/\\\/lgdomisi.com\\\/wp-content\\\/uploads\\\/2025\\\/11\\\/cropped-lg-logo.png\",\"width\":1733,\"height\":699,\"caption\":\"LGDomisis\"},\"image\":{\"@id\":\"https:\\\/\\\/lgdomisi.com\\\/#\\\/schema\\\/logo\\\/image\\\/\"}}]}<\/script>\n<!-- \/ Yoast SEO plugin. -->","yoast_head_json":{"title":"Dienstleistungen - LGDomisis","robots":{"index":"noindex","follow":"follow","max-snippet":"max-snippet:-1","max-image-preview":"max-image-preview:large","max-video-preview":"max-video-preview:-1"},"og_locale":"de_DE","og_type":"article","og_title":"Services - LGDomisis","og_description":"Our Services We work creatively. We deliver complete construction and fit-out services for premium hospitality projects, from large-scale resorts to boutique hotels. Our work includes full structural execution, interior construction, technical installations, and the coordination of complex building systems. We support international brands and high-demand environments with reliable timelines and top-tier workmanship. Hospitality Construction &amp; [&hellip;]","og_url":"https:\/\/lgdomisi.com\/de\/unsere-dienstleistungen\/","og_site_name":"LGDomisis","article_modified_time":"2026-02-02T09:19:44+00:00","twitter_card":"summary_large_image","twitter_misc":{"Gesch\u00e4tzte Lesezeit":"1\u00a0Minute"},"schema":{"@context":"https:\/\/schema.org","@graph":[{"@type":"WebPage","@id":"https:\/\/lgdomisi.com\/our-services\/","url":"https:\/\/lgdomisi.com\/our-services\/","name":"Dienstleistungen - LGDomisis","isPartOf":{"@id":"https:\/\/lgdomisi.com\/#website"},"datePublished":"2021-12-16T14:31:26+00:00","dateModified":"2026-02-02T09:19:44+00:00","breadcrumb":{"@id":"https:\/\/lgdomisi.com\/our-services\/#breadcrumb"},"inLanguage":"de","potentialAction":[{"@type":"ReadAction","target":["https:\/\/lgdomisi.com\/our-services\/"]}]},{"@type":"BreadcrumbList","@id":"https:\/\/lgdomisi.com\/our-services\/#breadcrumb","itemListElement":[{"@type":"ListItem","position":1,"name":"Home","item":"https:\/\/lgdomisi.com\/"},{"@type":"ListItem","position":2,"name":"Services"}]},{"@type":"WebSite","@id":"https:\/\/lgdomisi.com\/#website","url":"https:\/\/lgdomisi.com\/","name":"LGDomisis","description":"","publisher":{"@id":"https:\/\/lgdomisi.com\/#organization"},"potentialAction":[{"@type":"SearchAction","target":{"@type":"EntryPoint","urlTemplate":"https:\/\/lgdomisi.com\/?s={search_term_string}"},"query-input":{"@type":"PropertyValueSpecification","valueRequired":true,"valueName":"search_term_string"}}],"inLanguage":"de"},{"@type":"Organization","@id":"https:\/\/lgdomisi.com\/#organization","name":"LGDomisis","url":"https:\/\/lgdomisi.com\/","logo":{"@type":"ImageObject","inLanguage":"de","@id":"https:\/\/lgdomisi.com\/#\/schema\/logo\/image\/","url":"https:\/\/lgdomisi.com\/wp-content\/uploads\/2025\/11\/cropped-lg-logo.png","contentUrl":"https:\/\/lgdomisi.com\/wp-content\/uploads\/2025\/11\/cropped-lg-logo.png","width":1733,"height":699,"caption":"LGDomisis"},"image":{"@id":"https:\/\/lgdomisi.com\/#\/schema\/logo\/image\/"}}]}},"_links":{"self":[{"href":"https:\/\/lgdomisi.com\/de\/wp-json\/wp\/v2\/pages\/3650","targetHints":{"allow":["GET"]}}],"collection":[{"href":"https:\/\/lgdomisi.com\/de\/wp-json\/wp\/v2\/pages"}],"about":[{"href":"https:\/\/lgdomisi.com\/de\/wp-json\/wp\/v2\/types\/page"}],"author":[{"embeddable":true,"href":"https:\/\/lgdomisi.com\/de\/wp-json\/wp\/v2\/users\/2"}],"replies":[{"embeddable":true,"href":"https:\/\/lgdomisi.com\/de\/wp-json\/wp\/v2\/comments?post=3650"}],"version-history":[{"count":38,"href":"https:\/\/lgdomisi.com\/de\/wp-json\/wp\/v2\/pages\/3650\/revisions"}],"predecessor-version":[{"id":13743,"href":"https:\/\/lgdomisi.com\/de\/wp-json\/wp\/v2\/pages\/3650\/revisions\/13743"}],"wp:attachment":[{"href":"https:\/\/lgdomisi.com\/de\/wp-json\/wp\/v2\/media?parent=3650"}],"curies":[{"name":"wp","href":"https:\/\/api.w.org\/{rel}","templated":true}]}}